{"id":101,"date":"2023-04-11T18:24:57","date_gmt":"2023-04-11T16:24:57","guid":{"rendered":"https:\/\/ambasciatapraga.esteri.it\/?page_id=101"},"modified":"2023-09-12T09:39:09","modified_gmt":"2023-09-12T07:39:09","slug":"lingua-e-cultura-italiana","status":"publish","type":"page","link":"https:\/\/amblaja.esteri.it\/it\/italia-e-paesi-bassi\/diplomazia-culturale\/lingua-e-cultura-italiana\/","title":{"rendered":"Lingua e Cultura italiana"},"content":{"rendered":"<p><strong>Novit\u00e0<br \/>\n<\/strong>Sul sito web\u00a0<a href=\"http:\/\/www.dizionario.rai.it\/\">www.dizionario.rai.it<\/a>\u00a0\u00e8 consultabile gratuitamente il DIZIONARIO DI ORTOGRAFIA E PRONUNCIA della lingua italiana (circa 100.000 lemmi).<\/p>\n<p>&nbsp;<\/p>\n<p><a title=\"Vai al sito web dell'Istituto Italiano di Cultura di Amsterdam\" href=\"https:\/\/iicamsterdam.esteri.it\/it\/\"><strong>Istituto Italiano di Cultura<\/strong><\/a><br \/>\nL\u2019Istituto Italiano di Cultura \u00e8 stato fondato a L\u2019Aja nel 1952 e si \u00e8 trasferito ad Amsterdam nel 1972.<br \/>\nLa sua sede \u00e8 un palazzo storico, costruito nel 1687, incluso fra i monumenti protetti dalle Belle Arti olandesi. L\u2019edificio di quattro piani, acquistato nel 1977, comprende anche un salone per conferenze, concerti, proiezioni cinematografiche ed esposizioni.<\/p>\n<p>L&#8217;Istituto Italiano di Cultura di Amsterdam offre al pubblico i seguenti servizi:<\/p>\n<p>\u2022\u00a0una biblioteca per la consultazione ed il prestito di libri, cd e dvd;<br \/>\n\u2022\u00a0una sala per la lettura di riviste e giornali italiani, con possibilit\u00e0 di vedere i<br \/>\nprogrammi TV italiani;<br \/>\n\u2022\u00a0un servizio di informazione e documentazione sull\u2019Italia in campo culturale;<br \/>\n\u2022\u00a0un servizio di orientamento universitario e di informazione su scuole, accademie ed<br \/>\nuniversit\u00e0 italiane.<\/p>\n<p>Inoltre, l\u2019Istituto Italiano di Cultura di Amsterdam:<\/p>\n<p>\u2022\u00a0ospita proiezioni video, mostre, concerti, conferenze, seminari e molti altri eventi culturali;<br \/>\n\u2022\u00a0gestisce le pratiche relative alle\u00a0 borse di studio offerte dal governo italiano ai cittadini<br \/>\nolandesi ed i premi di studio offerti dalle scuole di lingua in Italia;<br \/>\n\u2022\u00a0seleziona e presenta proposte per premi e contributi alle traduzioni;<br \/>\n\u2022\u00a0organizza e gestisce corsi di lingua italiana per olandesi e di lingua olandese per italiani<br \/>\n(complessivamente circa 650 iscrizioni all\u2019anno).<br \/>\nSono stati inoltre attivati gli esami di certificazione della conoscenza dell\u2019Italiano, in<br \/>\ncollaborazione con l\u2019Universit\u00e0 di Perugia e Siena, ed altri esami universitari di italianistica<br \/>\na distanza.<br \/>\nViene inoltre offerto il corso propedeutico e lo stage richiesti per l\u2019esame di certificazione<br \/>\nDITALS (Didattica dell\u2019Italiano a Stranieri) dell\u2019Universit\u00e1 di Siena.<\/p>\n<p>Il programma delle iniziative \u00e8 consultabile sul <a href=\"https:\/\/iicamsterdam.esteri.it\/it\/\">sito web dell\u2019Istituto<\/a><\/p>\n<p>E\u2019 possibile ricevere aggiornamenti ed avvisi sugli eventi organizzati dall&#8217;Istituto per posta elettronica iscrivendosi alla newsletter degli \u201cAmici dell\u2019Istituto\u201d.<\/p>\n<p>&nbsp;<\/p>\n<p><a href=\"http:\/\/www.dantenederland.nl\"><strong>Comitati olandesi della Societ\u00e0 Dante Alighieri\u00a0<\/strong><\/a><\/p>\n<p>In quindici citt\u00e0 olandesi sono attivi comitati della Societ\u00e0 culturale \u201cDante Alighieri\u201d, meta&#8217; dei quali organizza regolarmente corsi di lingua e cultura italiana, conferenze e altre attivit\u00e0.<\/p>\n<p>&nbsp;<\/p>\n<p><a title=\"Vai al sito web dell'Istituto Olandese di Storia dell'Arte di Firenze\" href=\"http:\/\/www.niki-florence.org\/\"><strong>Istituto Olandese di Storia dell\u2019Arte di Firenze<\/strong><\/a><br \/>\nFondato nel 1958, l\u2019Istituto Olandese di Storia dell\u2019Arte di Firenze \u00e8 collegato all\u2019Universit\u00e0 di Utrecht ed \u00e8 amministrato da sei universit\u00e0. Promuove ricerche sull\u2019arte italiana e sull\u2019arte olandese e fiamminga in Italia. Ogni anno un comitato assegna borse di studio a studenti e ricercatori.<br \/>\nL\u2019Istituto organizza inoltre regolarmente mostre di maestri pittori classici e contemporanei, sia olandesi che italiani, nel quadro dei suoi programmi di ricerca. Inoltre, sulla scia di una tradizione plurisecolare, l\u2019Istituto promuove ricerche volte a evidenziare la ricca tradizione di scambio e influenze reciproche fra la pittura italiana e quella olandese e fiamminga.<\/p>\n","protected":false},"excerpt":{"rendered":"Novit\u00e0 Sul sito web\u00a0www.dizionario.rai.it\u00a0\u00e8 consultabile gratuitamente il DIZIONARIO DI ORTOGRAFIA E PRONUNCIA della lingua italiana (circa 100.000 lemmi). &nbsp; Istituto Italiano di Cultura L\u2019Istituto Italiano di Cultura \u00e8 stato fondato a L\u2019Aja nel 1952 e si \u00e8 trasferito ad Amsterdam nel 1972. La sua sede \u00e8 un palazzo storico, costruito nel 1687, incluso fra i [&hellip;]","protected":false},"author":1,"featured_media":0,"parent":44,"menu_order":0,"comment_status":"closed","ping_status":"closed","template":"","meta":{"footnotes":""},"class_list":["post-101","page","type-page","status-publish","hentry"],"_links":{"self":[{"href":"https:\/\/amblaja.esteri.it\/it\/wp-json\/wp\/v2\/pages\/101","targetHints":{"allow":["GET"]}}],"collection":[{"href":"https:\/\/amblaja.esteri.it\/it\/wp-json\/wp\/v2\/pages"}],"about":[{"href":"https:\/\/amblaja.esteri.it\/it\/wp-json\/wp\/v2\/types\/page"}],"author":[{"embeddable":true,"href":"https:\/\/amblaja.esteri.it\/it\/wp-json\/wp\/v2\/users\/1"}],"replies":[{"embeddable":true,"href":"https:\/\/amblaja.esteri.it\/it\/wp-json\/wp\/v2\/comments?post=101"}],"version-history":[{"count":6,"href":"https:\/\/amblaja.esteri.it\/it\/wp-json\/wp\/v2\/pages\/101\/revisions"}],"predecessor-version":[{"id":720,"href":"https:\/\/amblaja.esteri.it\/it\/wp-json\/wp\/v2\/pages\/101\/revisions\/720"}],"up":[{"embeddable":true,"href":"https:\/\/amblaja.esteri.it\/it\/wp-json\/wp\/v2\/pages\/44"}],"wp:attachment":[{"href":"https:\/\/amblaja.esteri.it\/it\/wp-json\/wp\/v2\/media?parent=101"}],"curies":[{"name":"wp","href":"https:\/\/api.w.org\/{rel}","templated":true}]}}