{"id":1326,"date":"2023-09-27T11:08:10","date_gmt":"2023-09-27T09:08:10","guid":{"rendered":"https:\/\/amblaja.esteri.it\/?page_id=1326"},"modified":"2023-09-28T11:27:40","modified_gmt":"2023-09-28T09:27:40","slug":"nascita-informazioni-aggiuntive","status":"publish","type":"page","link":"https:\/\/amblaja.esteri.it\/it\/servizi-consolari-e-visti\/servizi-per-il-cittadino-italiano\/stato-civile\/nascita\/nascita-informazioni-aggiuntive\/","title":{"rendered":"Nascita: Informazioni Aggiuntive"},"content":{"rendered":"<p><strong>Per le coppie dello stesso sesso sar\u00e0 necessario presentare<\/strong>:<\/p>\n<ul>\n<li>copia conforme all\u2019originale del geboorteakte met vermelding van erkenning (atto di nascita con annotazione riconoscimento) da richiedere al Comune olandese competente. Si tratta di un documento in lingua olandese.<\/li>\n<li>richiesta di trasmissione di atto di nascita , debitamente compilato dal genitore di nazionalit\u00e0 italiana;<\/li>\n<li>traduzione che i genitori possono fare\u00a0<a href=\"https:\/\/amblaja.esteri.it\/wp-content\/uploads\/2023\/09\/Facsimile-traduzione_nascita.pdf\">utilizzando il seguente facsimile<\/a>\u00a0(si prega di riempire solo gli spazi grigi con i dati del geboorteakte);<\/li>\n<li>copia del documento di identit\u00e0 in corso di validit\u00e0 di entrambi i genitori.<\/li>\n<li>In alternativa, \u00e8 possibile presentare l\u2019atto di riconoscimento pre-nascita insieme all\u2019estratto internazionale dell\u2019 atto di nascita.<\/li>\n<\/ul>\n<hr \/>\n<p><strong>Importanti informazioni per i genitori non coniugati<\/strong><\/p>\n<ul>\n<li>Per la legge olandese il riconoscimento paterno pu\u00f2 avvenire sia precedentemente che posteriormente alla registrazione della nascita. Dal momento del riconoscimento al nuovo nato viene assegnato legalmente il cognome paterno.<\/li>\n<\/ul>\n<p><strong>Per la legge italiana il riconoscimento paterno deve avvenire precedentemente (riconoscimento pre-nascita) o contestualmente alla registrazione del nuovo nato. In caso contrario al minore verr\u00e0 assegnato il cognome materno e il cognome paterno potr\u00e0 essere sostituito a quello materno o aggiunto allo stesso solo tramite decisione del competente Tribunale italiano.<\/strong><\/p>\n<p><strong>PER EVITARE DIVERGENZE DI COGNOME DEL NUOVO NATO (NEI PAESI BASSI E IN ITALIA) \u00c8 NECESSARIO EFFETTUARE IL RICONOSCIMENTO PRE-NASCITA O ALMENO CONTESTUALMENTE ALLA REGISTRAZIONE DEL NUOVO NATO PRESSO L\u2019ANAGRAFE OLANDESE.<\/strong><\/p>\n<ul>\n<li>Per la legge italiana, il riconoscimento paterno (effettuato in qualsiasi momento e registrato in Italia) comporta che il padre (sia italiano che straniero) condivida la responsabilit\u00e0 genitoriale con la madre.<\/li>\n<\/ul>\n<p><b>Per la legge olandese invece la responsabilit\u00e0 genitoriale \u00e8 affidata alla madre dal momento della nascita del figlio ed il padre pu\u00f2 condividerla registrandosi presso il Registro della Responsabilit\u00e0 Genitoriale (GEZAGREGISTER).<\/b><\/p>\n<hr \/>\n<p><strong>Informativa limiti all&#8217;attribuzione del nome<\/strong>:<\/p>\n<ul>\n<li>l&#8217;Art. 34 del <em>D.P.R.<\/em> 3 Novembre 2000 n. 396 (vedi <a href=\"http:\/\/www.privacy.it\/archivio\/dpr2000-396.html\">qui)<\/a><b><\/b><\/li>\n<\/ul>\n<hr \/>\n<p><strong>Procedure di attribuzione del cognome alla nascita<\/strong><\/p>\n<ol>\n<li><strong>Ai Figli di Genitori Entrambi Italiani:<\/strong><\/li>\n<\/ol>\n<ul>\n<li><strong>Opzione A:<\/strong> Attribuzione del cognome paterno.<\/li>\n<li><strong>Opzione B:<\/strong> Attribuzione del doppio cognome (paterno e materno, in questo ordine specifico), a condizione che vi sia una volont\u00e0 espressa e congiunta davanti all&#8217;Ufficiale di Stato Civile olandese.\n<ul>\n<li><strong>Nota Importante:<\/strong> Conforme alla circolare n. 7 del 14 giugno 2017 del Ministero dell&#8217;Interno, solo i genitori entrambi ed esclusivamente italiani possono optare per l&#8217;attribuzione del doppio cognome ai propri figli.<\/li>\n<\/ul>\n<\/li>\n<\/ul>\n<ol start=\"2\">\n<li><strong>Ai Figli di Genitori di Cittadinanza Mista (uno italiano e l&#8217;altro straniero o con doppia nazionalit\u00e0):<\/strong><\/li>\n<\/ol>\n<ul>\n<li>Attribuzione del doppio cognome secondo la normativa italiana \u00e8 permessa solo se non in conflitto con la normativa straniera. \u00c8 necessario verificare contattando autonomamente le Autorit\u00e0 competenti del Paese interessato.<\/li>\n<\/ul>\n<p>La suddetta normativa \u00e8 applicabile sia ai genitori coniugati che a quelli non coniugati, a condizione che il riconoscimento del bambino da parte del padre sia effettuato prima della nascita o il giorno stesso della registrazione del minore presso il competente Comune olandese.<\/p>\n<p><strong>Nota Bene:<\/strong><\/p>\n<ul>\n<li>In caso di riconoscimento paterno successivo alla registrazione della nascita, il cognome attribuito in Italia sar\u00e0 quello della madre.<\/li>\n<li>Per l&#8217;attribuzione del cognome paterno in tali circostanze, il cittadino interessato dovr\u00e0 presentare una specifica istanza al tribunale italiano competente. Ulteriori informazioni sono disponibili online sul sito dei tribunali italiani.<\/li>\n<li>Questa norma \u00e8 applicabile solo ed esclusivamente ai genitori italiani.<\/li>\n<\/ul>\n<hr \/>\n<p><strong>Passaporti Neonati<\/strong><\/p>\n<ul>\n<li>La richiesta del passaporto pu\u00f2 essere effettuata solamente dopo aver ottenuto la conferma di registrazione dei dati del neonato sulla piattaforma FAST IT online.<\/li>\n<\/ul>\n<hr \/>\n<p><strong>Nascita in Italia<\/strong><\/p>\n<ul>\n<li>In caso di nascita in Italia, sar\u00e0 cura dei genitori gi\u00e0 iscritti all&#8217;AIRE nei Paesi Bassi, accertarsi che la nascita del figlio minore sia comunicata dal Comune italiano di nascita a questa Cancelleria consolare. Una volta che questo Ufficio avr\u00e0 ricevuto dal Comune italiano la comunicazione di avvenuta registrazione della nascita (completa di documentazione relativa con esplicita indicazione delle generalit\u00e0 dei genitori) questa Sede proceder\u00e0 alla richiesta di iscrizione all\u2019AIRE per nascita del\/della minore.<\/li>\n<\/ul>\n<p>&nbsp;<\/p>\n","protected":false},"excerpt":{"rendered":"Per le coppie dello stesso sesso sar\u00e0 necessario presentare: copia conforme all\u2019originale del geboorteakte met vermelding van erkenning (atto di nascita con annotazione riconoscimento) da richiedere al Comune olandese competente. Si tratta di un documento in lingua olandese. richiesta di trasmissione di atto di nascita , debitamente compilato dal genitore di nazionalit\u00e0 italiana; traduzione che [&hellip;]","protected":false},"author":5,"featured_media":0,"parent":372,"menu_order":0,"comment_status":"closed","ping_status":"closed","template":"","meta":{"footnotes":""},"class_list":["post-1326","page","type-page","status-publish","hentry"],"_links":{"self":[{"href":"https:\/\/amblaja.esteri.it\/it\/wp-json\/wp\/v2\/pages\/1326","targetHints":{"allow":["GET"]}}],"collection":[{"href":"https:\/\/amblaja.esteri.it\/it\/wp-json\/wp\/v2\/pages"}],"about":[{"href":"https:\/\/amblaja.esteri.it\/it\/wp-json\/wp\/v2\/types\/page"}],"author":[{"embeddable":true,"href":"https:\/\/amblaja.esteri.it\/it\/wp-json\/wp\/v2\/users\/5"}],"replies":[{"embeddable":true,"href":"https:\/\/amblaja.esteri.it\/it\/wp-json\/wp\/v2\/comments?post=1326"}],"version-history":[{"count":6,"href":"https:\/\/amblaja.esteri.it\/it\/wp-json\/wp\/v2\/pages\/1326\/revisions"}],"predecessor-version":[{"id":1345,"href":"https:\/\/amblaja.esteri.it\/it\/wp-json\/wp\/v2\/pages\/1326\/revisions\/1345"}],"up":[{"embeddable":true,"href":"https:\/\/amblaja.esteri.it\/it\/wp-json\/wp\/v2\/pages\/372"}],"wp:attachment":[{"href":"https:\/\/amblaja.esteri.it\/it\/wp-json\/wp\/v2\/media?parent=1326"}],"curies":[{"name":"wp","href":"https:\/\/api.w.org\/{rel}","templated":true}]}}