{"id":341,"date":"2023-09-04T12:24:58","date_gmt":"2023-09-04T10:24:58","guid":{"rendered":"https:\/\/amblaja.esteri.it\/?page_id=341"},"modified":"2023-11-09T14:46:44","modified_gmt":"2023-11-09T12:46:44","slug":"validita-temporale","status":"publish","type":"page","link":"https:\/\/amblaja.esteri.it\/it\/servizi-consolari-e-visti\/servizi-per-il-cittadino-italiano\/passaporti-e-carte-didentita\/cie-carta-identita-elettronica\/validita-temporale\/","title":{"rendered":"Validit\u00e0 temporale CIE"},"content":{"rendered":"<p>La validit\u00e0 della CIE varia a seconda dell\u2019et\u00e0 del titolare:<\/p>\n<ul>\n<li>3 anni per i minori di et\u00e0 inferiore a 3 anni;<\/li>\n<li>5 anni per i minori di et\u00e0 compresa tra i 3 e i 18 anni;<\/li>\n<li>10 anni per i maggiorenni.<\/li>\n<\/ul>\n<p>&nbsp;<\/p>\n<p>Pagine correlate:<\/p>\n<ul>\n<li><a href=\"https:\/\/amblaja.esteri.it\/it\/servizi-consolari-e-visti\/servizi-per-il-cittadino-italiano\/passaporti-e-carte-didentita\/cie-carta-identita-elettronica\/\">CIE (carta identit\u00e1 elettronica)<\/a><\/li>\n<li><a href=\"https:\/\/amblaja.esteri.it\/it\/servizi-consolari-e-visti\/servizi-per-il-cittadino-italiano\/passaporti-e-carte-didentita\/cie-carta-identita-elettronica\/modalita-di-richiesta\/\">Prenotare la CIE: ulteriori informazioni<\/a><\/li>\n<li><a href=\"https:\/\/amblaja.esteri.it\/it\/servizi-consolari-e-visti\/servizi-per-il-cittadino-italiano\/passaporti-e-carte-didentita\/cie-carta-identita-elettronica\/appuntamento-e-documentazione-da-presentare\/\">Appuntamento e documentazione da presentare<\/a><\/li>\n<li><a href=\"https:\/\/amblaja.esteri.it\/it\/servizi-consolari-e-visti\/servizi-per-il-cittadino-italiano\/passaporti-e-carte-didentita\/cie-carta-identita-elettronica\/costo-cie\/\">Costo CIE<\/a><\/li>\n<li><a href=\"https:\/\/amblaja.esteri.it\/it\/servizi-consolari-e-visti\/servizi-per-il-cittadino-italiano\/passaporti-e-carte-didentita\/cie-carta-identita-elettronica\/smarrimento-furto-deterioramento-della-carta-didentita\/\">Smarrimento\/furto\/deterioramento della CIE<\/a><\/li>\n<li><a href=\"https:\/\/amblaja.esteri.it\/it\/servizi-consolari-e-visti\/servizi-per-il-cittadino-italiano\/passaporti-e-carte-didentita\/cie-carta-identita-elettronica\/consegna-della-cie\/\">Consegna della CIE<\/a><\/li>\n<li><a href=\"https:\/\/amblaja.esteri.it\/it\/servizi-consolari-e-visti\/servizi-per-il-cittadino-italiano\/passaporti-e-carte-didentita\/cie-carta-identita-elettronica\/aiuto-impossibilita-ad-apporre-le-impronte-digitali-firma\/\">AIUTO: Impossibilit\u00e0 ad apporre le impronte digitali\/firma<\/a><\/li>\n<\/ul>\n","protected":false},"excerpt":{"rendered":"La validit\u00e0 della CIE varia a seconda dell\u2019et\u00e0 del titolare: 3 anni per i minori di et\u00e0 inferiore a 3 anni; 5 anni per i minori di et\u00e0 compresa tra i 3 e i 18 anni; 10 anni per i maggiorenni. &nbsp; Pagine correlate: CIE (carta identit\u00e1 elettronica) Prenotare la CIE: ulteriori informazioni Appuntamento e [&hellip;]","protected":false},"author":5,"featured_media":0,"parent":325,"menu_order":2,"comment_status":"closed","ping_status":"closed","template":"","meta":{"footnotes":""},"class_list":["post-341","page","type-page","status-publish","hentry"],"_links":{"self":[{"href":"https:\/\/amblaja.esteri.it\/it\/wp-json\/wp\/v2\/pages\/341","targetHints":{"allow":["GET"]}}],"collection":[{"href":"https:\/\/amblaja.esteri.it\/it\/wp-json\/wp\/v2\/pages"}],"about":[{"href":"https:\/\/amblaja.esteri.it\/it\/wp-json\/wp\/v2\/types\/page"}],"author":[{"embeddable":true,"href":"https:\/\/amblaja.esteri.it\/it\/wp-json\/wp\/v2\/users\/5"}],"replies":[{"embeddable":true,"href":"https:\/\/amblaja.esteri.it\/it\/wp-json\/wp\/v2\/comments?post=341"}],"version-history":[{"count":4,"href":"https:\/\/amblaja.esteri.it\/it\/wp-json\/wp\/v2\/pages\/341\/revisions"}],"predecessor-version":[{"id":1702,"href":"https:\/\/amblaja.esteri.it\/it\/wp-json\/wp\/v2\/pages\/341\/revisions\/1702"}],"up":[{"embeddable":true,"href":"https:\/\/amblaja.esteri.it\/it\/wp-json\/wp\/v2\/pages\/325"}],"wp:attachment":[{"href":"https:\/\/amblaja.esteri.it\/it\/wp-json\/wp\/v2\/media?parent=341"}],"curies":[{"name":"wp","href":"https:\/\/api.w.org\/{rel}","templated":true}]}}