{"id":343,"date":"2023-09-04T12:26:21","date_gmt":"2023-09-04T10:26:21","guid":{"rendered":"https:\/\/amblaja.esteri.it\/?page_id=343"},"modified":"2023-11-09T14:47:27","modified_gmt":"2023-11-09T12:47:27","slug":"modalita-di-richiesta","status":"publish","type":"page","link":"https:\/\/amblaja.esteri.it\/it\/servizi-consolari-e-visti\/servizi-per-il-cittadino-italiano\/passaporti-e-carte-didentita\/cie-carta-identita-elettronica\/modalita-di-richiesta\/","title":{"rendered":"Prenotare la CIE: ulteriori informazioni"},"content":{"rendered":"<p>La richiesta di un appuntamento per richiedere il rilascio di una CIE deve essere presentata utilizzando la piattaforma\u00a0<a href=\"https:\/\/prenotami.esteri.it\/\">Prenot@mi<\/a><\/p>\n<p>Dal momento della richiesta alla data fissata per l\u2019appuntamento trascorrono almeno 15 giorni, necessari per consentire all\u2019ufficio consolare di effettuare i dovuti controlli d\u2019ufficio, effettuare eventuali rettifiche anagrafiche e verificare che non sussistano cause ostative al rilascio del documento.<\/p>\n<p><strong>Si ribadisce che l\u2019iscrizione in A.I.R.E. \u00e8 indispensabile ai fini della presentazione della domanda di emissione della CIE. \u00c8 altres\u00ec indispensabile, per i cittadini italiani nati all\u2019estero, che il relativo atto di nascita risulti gi\u00e0 trascritto nei registri di Stato Civile del Comune di riferimento in Italia.<\/strong><\/p>\n<p>&nbsp;<\/p>\n<p><strong>Come si prende un appuntamento sulla piattaforma <a href=\"https:\/\/prenotami.esteri.it\/\">Prenot@mi<\/a>?<\/strong><\/p>\n<p>Se si \u00e8 un<strong>\u00a0utente gi\u00e0 registrato<\/strong>\u00a0sulla piattaforma\u00a0<a href=\"https:\/\/prenotami.esteri.it\/\">Prenot@mi<\/a>, si dovr\u00e0 cliccare sulla casella \u201clogin utente gi\u00e0 registrato\u201d ed immettere le proprie credenziali:<\/p>\n<p><strong>User name<\/strong>: indirizzo email<\/p>\n<p><strong>Password:<\/strong>\u00a0quella inserita al momento della registrazione.<\/p>\n<p>Si acceder\u00e0 cos\u00ec alla pagina dei servizi e si potr\u00e0 selezionare quello per la Carta di Identit\u00e0. A questo punto sar\u00e0 necessario inserire i dati richiesti (il portale richiede di inserire numero figli minori, l\u2019altezza, il colore degli occhi, dichiarare se si sono lette le istruzioni e se si \u00e8 iscritti all\u2019Aire) e accedere al calendario degli appuntamenti disponibili.<\/p>\n<p><strong>ATTENZIONE:<\/strong><\/p>\n<ul>\n<li>se l\u2019utente \u00e8 gi\u00e0 registrato sulla piattaforma\u00a0<a href=\"https:\/\/prenotami.esteri.it\/\">Prenot@mi<\/a>, ma presso un\u2019altra Autorit\u00e0 Consolare, prima di procedere con la richiesta di appuntamento dovr\u00e0 effettuare il \u201cCambio Sede\u201d, selezionando l\u2019apposito comando \u201ccambia sede\u201d presente sulla prima pagina a sinistra, una volta effettuato l\u2019accesso col proprio account.<\/li>\n<li>Se si \u00e8 un nuovo utente si dovr\u00e0 prima procedere alla registrazione sul portale\u00a0<a href=\"https:\/\/prenotami.esteri.it\/\">Prenot@mi<\/a>, cliccando su \u201cRegistrazione nuovo utente\u201d. Una volta completata la registrazione, si dovr\u00e0 accedere nuovamente al sistema di prenotazione e, inserendo le proprie credenziali, si potr\u00e0 fare ingresso alla pagina dei servizi offerti e procedere ad una prenotazione.<\/li>\n<\/ul>\n<p>&nbsp;<\/p>\n<p>Pagine correlate:<\/p>\n<ul>\n<li><a href=\"https:\/\/amblaja.esteri.it\/it\/servizi-consolari-e-visti\/servizi-per-il-cittadino-italiano\/passaporti-e-carte-didentita\/cie-carta-identita-elettronica\/\">CIE (carta identit\u00e1 elettronica)<\/a><\/li>\n<li><a href=\"https:\/\/amblaja.esteri.it\/it\/servizi-consolari-e-visti\/servizi-per-il-cittadino-italiano\/passaporti-e-carte-didentita\/cie-carta-identita-elettronica\/validita-temporale\/\">Validit\u00e0 temporale CIE<\/a><\/li>\n<li><a href=\"https:\/\/amblaja.esteri.it\/it\/servizi-consolari-e-visti\/servizi-per-il-cittadino-italiano\/passaporti-e-carte-didentita\/cie-carta-identita-elettronica\/appuntamento-e-documentazione-da-presentare\/\">Appuntamento e documentazione da presentare<\/a><\/li>\n<li><a href=\"https:\/\/amblaja.esteri.it\/it\/servizi-consolari-e-visti\/servizi-per-il-cittadino-italiano\/passaporti-e-carte-didentita\/cie-carta-identita-elettronica\/costo-cie\/\">Costo CIE<\/a><\/li>\n<li><a href=\"https:\/\/amblaja.esteri.it\/it\/servizi-consolari-e-visti\/servizi-per-il-cittadino-italiano\/passaporti-e-carte-didentita\/cie-carta-identita-elettronica\/smarrimento-furto-deterioramento-della-carta-didentita\/\">Smarrimento\/furto\/deterioramento della CIE<\/a><\/li>\n<li><a href=\"https:\/\/amblaja.esteri.it\/it\/servizi-consolari-e-visti\/servizi-per-il-cittadino-italiano\/passaporti-e-carte-didentita\/cie-carta-identita-elettronica\/consegna-della-cie\/\">Consegna della CIE<\/a><\/li>\n<li><a href=\"https:\/\/amblaja.esteri.it\/it\/servizi-consolari-e-visti\/servizi-per-il-cittadino-italiano\/passaporti-e-carte-didentita\/cie-carta-identita-elettronica\/aiuto-impossibilita-ad-apporre-le-impronte-digitali-firma\/\">AIUTO: Impossibilit\u00e0 ad apporre le impronte digitali\/firma<\/a><\/li>\n<\/ul>\n","protected":false},"excerpt":{"rendered":"La richiesta di un appuntamento per richiedere il rilascio di una CIE deve essere presentata utilizzando la piattaforma\u00a0Prenot@mi Dal momento della richiesta alla data fissata per l\u2019appuntamento trascorrono almeno 15 giorni, necessari per consentire all\u2019ufficio consolare di effettuare i dovuti controlli d\u2019ufficio, effettuare eventuali rettifiche anagrafiche e verificare che non sussistano cause ostative al rilascio [&hellip;]","protected":false},"author":5,"featured_media":0,"parent":325,"menu_order":4,"comment_status":"closed","ping_status":"closed","template":"","meta":{"footnotes":""},"class_list":["post-343","page","type-page","status-publish","hentry"],"_links":{"self":[{"href":"https:\/\/amblaja.esteri.it\/it\/wp-json\/wp\/v2\/pages\/343","targetHints":{"allow":["GET"]}}],"collection":[{"href":"https:\/\/amblaja.esteri.it\/it\/wp-json\/wp\/v2\/pages"}],"about":[{"href":"https:\/\/amblaja.esteri.it\/it\/wp-json\/wp\/v2\/types\/page"}],"author":[{"embeddable":true,"href":"https:\/\/amblaja.esteri.it\/it\/wp-json\/wp\/v2\/users\/5"}],"replies":[{"embeddable":true,"href":"https:\/\/amblaja.esteri.it\/it\/wp-json\/wp\/v2\/comments?post=343"}],"version-history":[{"count":5,"href":"https:\/\/amblaja.esteri.it\/it\/wp-json\/wp\/v2\/pages\/343\/revisions"}],"predecessor-version":[{"id":1705,"href":"https:\/\/amblaja.esteri.it\/it\/wp-json\/wp\/v2\/pages\/343\/revisions\/1705"}],"up":[{"embeddable":true,"href":"https:\/\/amblaja.esteri.it\/it\/wp-json\/wp\/v2\/pages\/325"}],"wp:attachment":[{"href":"https:\/\/amblaja.esteri.it\/it\/wp-json\/wp\/v2\/media?parent=343"}],"curies":[{"name":"wp","href":"https:\/\/api.w.org\/{rel}","templated":true}]}}