{"id":354,"date":"2023-09-04T12:33:23","date_gmt":"2023-09-04T10:33:23","guid":{"rendered":"https:\/\/amblaja.esteri.it\/?page_id=354"},"modified":"2023-11-09T14:52:13","modified_gmt":"2023-11-09T12:52:13","slug":"smarrimento-furto-deterioramento-della-carta-didentita","status":"publish","type":"page","link":"https:\/\/amblaja.esteri.it\/it\/servizi-consolari-e-visti\/servizi-per-il-cittadino-italiano\/passaporti-e-carte-didentita\/cie-carta-identita-elettronica\/smarrimento-furto-deterioramento-della-carta-didentita\/","title":{"rendered":"Smarrimento\/furto\/deterioramento della CIE"},"content":{"rendered":"<p>In caso di smarrimento o di furto della carta d\u2019identit\u00e0, il connazionale dovr\u00e0 presentare denuncia presso le Autorit\u00e0 di Polizia locali.<\/p>\n<p>In caso di deterioramento della carta d\u2019identit\u00e0, il connazionale potr\u00e0 presentare richiesta di nuova emissione.<\/p>\n<p>Pagine correlate:<\/p>\n<ul>\n<li><a href=\"https:\/\/amblaja.esteri.it\/it\/servizi-consolari-e-visti\/servizi-per-il-cittadino-italiano\/passaporti-e-carte-didentita\/cie-carta-identita-elettronica\/\">CIE (carta identit\u00e1 elettronica)<\/a><\/li>\n<li><a href=\"https:\/\/amblaja.esteri.it\/it\/servizi-consolari-e-visti\/servizi-per-il-cittadino-italiano\/passaporti-e-carte-didentita\/cie-carta-identita-elettronica\/validita-temporale\/\">Validit\u00e0 temporale CIE<\/a><\/li>\n<li><a href=\"https:\/\/amblaja.esteri.it\/it\/servizi-consolari-e-visti\/servizi-per-il-cittadino-italiano\/passaporti-e-carte-didentita\/cie-carta-identita-elettronica\/modalita-di-richiesta\/\">Prenotare la CIE: ulteriori informazioni<\/a><\/li>\n<li><a href=\"https:\/\/amblaja.esteri.it\/it\/servizi-consolari-e-visti\/servizi-per-il-cittadino-italiano\/passaporti-e-carte-didentita\/cie-carta-identita-elettronica\/costo-cie\/\">Costo CIE<\/a><\/li>\n<li><a href=\"https:\/\/amblaja.esteri.it\/it\/servizi-consolari-e-visti\/servizi-per-il-cittadino-italiano\/passaporti-e-carte-didentita\/cie-carta-identita-elettronica\/consegna-della-cie\/\">Consegna della CIE<\/a><\/li>\n<li><a href=\"https:\/\/amblaja.esteri.it\/it\/servizi-consolari-e-visti\/servizi-per-il-cittadino-italiano\/passaporti-e-carte-didentita\/cie-carta-identita-elettronica\/aiuto-impossibilita-ad-apporre-le-impronte-digitali-firma\/\">AIUTO: Impossibilit\u00e0 ad apporre le impronte digitali\/firma<\/a><\/li>\n<\/ul>\n","protected":false},"excerpt":{"rendered":"In caso di smarrimento o di furto della carta d\u2019identit\u00e0, il connazionale dovr\u00e0 presentare denuncia presso le Autorit\u00e0 di Polizia locali. In caso di deterioramento della carta d\u2019identit\u00e0, il connazionale potr\u00e0 presentare richiesta di nuova emissione. Pagine correlate: CIE (carta identit\u00e1 elettronica) Validit\u00e0 temporale CIE Prenotare la CIE: ulteriori informazioni Costo CIE Consegna della CIE [&hellip;]","protected":false},"author":5,"featured_media":0,"parent":325,"menu_order":0,"comment_status":"closed","ping_status":"closed","template":"","meta":{"footnotes":""},"class_list":["post-354","page","type-page","status-publish","hentry"],"_links":{"self":[{"href":"https:\/\/amblaja.esteri.it\/it\/wp-json\/wp\/v2\/pages\/354","targetHints":{"allow":["GET"]}}],"collection":[{"href":"https:\/\/amblaja.esteri.it\/it\/wp-json\/wp\/v2\/pages"}],"about":[{"href":"https:\/\/amblaja.esteri.it\/it\/wp-json\/wp\/v2\/types\/page"}],"author":[{"embeddable":true,"href":"https:\/\/amblaja.esteri.it\/it\/wp-json\/wp\/v2\/users\/5"}],"replies":[{"embeddable":true,"href":"https:\/\/amblaja.esteri.it\/it\/wp-json\/wp\/v2\/comments?post=354"}],"version-history":[{"count":3,"href":"https:\/\/amblaja.esteri.it\/it\/wp-json\/wp\/v2\/pages\/354\/revisions"}],"predecessor-version":[{"id":1711,"href":"https:\/\/amblaja.esteri.it\/it\/wp-json\/wp\/v2\/pages\/354\/revisions\/1711"}],"up":[{"embeddable":true,"href":"https:\/\/amblaja.esteri.it\/it\/wp-json\/wp\/v2\/pages\/325"}],"wp:attachment":[{"href":"https:\/\/amblaja.esteri.it\/it\/wp-json\/wp\/v2\/media?parent=354"}],"curies":[{"name":"wp","href":"https:\/\/api.w.org\/{rel}","templated":true}]}}