{"id":388,"date":"2023-09-04T13:10:32","date_gmt":"2023-09-04T11:10:32","guid":{"rendered":"https:\/\/amblaja.esteri.it\/?page_id=388"},"modified":"2024-12-27T09:55:01","modified_gmt":"2024-12-27T07:55:01","slug":"morte","status":"publish","type":"page","link":"https:\/\/amblaja.esteri.it\/it\/servizi-consolari-e-visti\/servizi-per-il-cittadino-italiano\/stato-civile\/morte\/","title":{"rendered":"Decesso"},"content":{"rendered":"<p>Condoglianze. Speriamo di esservi utili.<\/p>\n<p>La comunicazione del decesso di un cittadino italiano all\u2019estero \u00e8 obbligatoria e deve essere comunicata alle competenti Autorit\u00e0 Consolari.<\/p>\n<p><strong>Non vi \u00e8 nessuna comunicazione automatica a questa Sede n\u00e9 da parte dei Comuni e notai olandesi, n\u00e9 da parte delle Agenzie di pompe funebri. Pertanto la comunicazione del decesso \u00e8 da considerarsi responsabilit\u00e0 della famiglia.<\/strong><\/p>\n<p>Per registrare in Italia il decesso di un connazionale, si devono inviare a questa Sede i seguenti documenti:<\/p>\n<ul>\n<li>certificato internazionale di morte (internationaal uittreksel uit de ovelijdensakte) da richiedere al Comune olandese competente;<\/li>\n<li><a href=\"https:\/\/amblaja.esteri.it\/it\/servizi-consolari-e-visti\/servizi-per-il-cittadino-italiano\/altri-servizi\/modulistica\/\">richiesta di trasmissione di atto di stato civile<\/a>\u00a0, debitamente compilato e firmato da chi invia l\u2019atto;<\/li>\n<li>copia di un documento di identit\u00e0 del mittente;<\/li>\n<li>eventuali documenti di identit\u00e0 italiani ancora in corso di validit\u00e0 appartenuti al defunto. I documenti devono infatti essere annullati e possono, su richiesta, essere restituiti dopo l\u2019annullamento.<\/li>\n<\/ul>\n","protected":false},"excerpt":{"rendered":"Condoglianze. Speriamo di esservi utili. La comunicazione del decesso di un cittadino italiano all\u2019estero \u00e8 obbligatoria e deve essere comunicata alle competenti Autorit\u00e0 Consolari. Non vi \u00e8 nessuna comunicazione automatica a questa Sede n\u00e9 da parte dei Comuni e notai olandesi, n\u00e9 da parte delle Agenzie di pompe funebri. Pertanto la comunicazione del decesso \u00e8 [&hellip;]","protected":false},"author":5,"featured_media":0,"parent":68,"menu_order":0,"comment_status":"closed","ping_status":"closed","template":"","meta":{"footnotes":""},"class_list":["post-388","page","type-page","status-publish","hentry"],"_links":{"self":[{"href":"https:\/\/amblaja.esteri.it\/it\/wp-json\/wp\/v2\/pages\/388","targetHints":{"allow":["GET"]}}],"collection":[{"href":"https:\/\/amblaja.esteri.it\/it\/wp-json\/wp\/v2\/pages"}],"about":[{"href":"https:\/\/amblaja.esteri.it\/it\/wp-json\/wp\/v2\/types\/page"}],"author":[{"embeddable":true,"href":"https:\/\/amblaja.esteri.it\/it\/wp-json\/wp\/v2\/users\/5"}],"replies":[{"embeddable":true,"href":"https:\/\/amblaja.esteri.it\/it\/wp-json\/wp\/v2\/comments?post=388"}],"version-history":[{"count":5,"href":"https:\/\/amblaja.esteri.it\/it\/wp-json\/wp\/v2\/pages\/388\/revisions"}],"predecessor-version":[{"id":4175,"href":"https:\/\/amblaja.esteri.it\/it\/wp-json\/wp\/v2\/pages\/388\/revisions\/4175"}],"up":[{"embeddable":true,"href":"https:\/\/amblaja.esteri.it\/it\/wp-json\/wp\/v2\/pages\/68"}],"wp:attachment":[{"href":"https:\/\/amblaja.esteri.it\/it\/wp-json\/wp\/v2\/media?parent=388"}],"curies":[{"name":"wp","href":"https:\/\/api.w.org\/{rel}","templated":true}]}}