{"id":390,"date":"2023-09-04T13:11:29","date_gmt":"2023-09-04T11:11:29","guid":{"rendered":"https:\/\/amblaja.esteri.it\/?page_id=390"},"modified":"2024-10-17T13:08:01","modified_gmt":"2024-10-17T11:08:01","slug":"matrimonio","status":"publish","type":"page","link":"https:\/\/amblaja.esteri.it\/it\/servizi-consolari-e-visti\/servizi-per-il-cittadino-italiano\/stato-civile\/matrimonio\/","title":{"rendered":"Matrimonio"},"content":{"rendered":"<p><strong>Celebrazione del Matrimonio:<\/strong><\/p>\n<ul>\n<li>I cittadini italiani che desiderano sposarsi all&#8217;estero devono seguire le indicazioni fornite dalle Autorit\u00e0 estere competenti.<\/li>\n<li><strong>Documentazione Necessaria:<\/strong>\n<ul>\n<li>Il certificato internazionale di nascita pu\u00f2 essere ottenuto <strong>solo ed esclusivamente<\/strong> dal Comune italiano di nascita.<\/li>\n<li>I certificati di Stato Libero e di Capacit\u00e0 Matrimoniale possono essere richiesti presso questa Cancelleria Consolare <strong>solo nel caso<\/strong> in cui si sia cittadini italiani residenti nei Paesi Bassi e iscritti all\u2019AIRE. Per ulteriori dettagli, consultare la sezione <strong><a href=\"https:\/\/amblaja.esteri.it\/it\/servizi-consolari-e-visti\/servizi-per-il-cittadino-italiano\/altri-servizi\/modulistica\/\">MODULISTICA<\/a>, <\/strong>voce modulo <em>Richiesta Certificato di Stato Civile<\/em>.<\/li>\n<\/ul>\n<\/li>\n<\/ul>\n<hr \/>\n<p><strong>Registrazione del Matrimonio in Italia avvenuto nei Paesi Bassi o in un Paese Terzo:<\/strong><\/p>\n<p><strong>Opzione A. Matrimonio Celebrato nei Paesi Bassi:<\/strong><\/p>\n<ul>\n<li>Invio dei seguenti documenti <strong>Parkstraat n. 28, 2514 JK \u2013 L\u2019Aja<\/strong>:\n<ul>\n<li>Richiesta di trasmissione di atto di stato civile (trova <a href=\"https:\/\/amblaja.esteri.it\/it\/servizi-consolari-e-visti\/servizi-per-il-cittadino-italiano\/altri-servizi\/modulistica\/\">QUI<\/a>).<\/li>\n<li><em>Internationaal uittreksel uit de huwelijksakte<\/em> (certificato internazionale di matrimonio) in originale, ottenibile dal Comune olandese competente.<\/li>\n<li>Copia dei documenti di identit\u00e0 dei coniugi.<\/li>\n<\/ul>\n<\/li>\n<\/ul>\n<p><strong>Opzione B. Matrimonio Celebrato in Paesi Terzi:<\/strong><\/p>\n<ul>\n<li>Spedire al nostro indirizzo l\u2019atto di matrimonio indicato alla corrispondente pagina web dell\u2019Ufficio di Stato Civile del Consolato italiano del paese dove l\u2019atto \u00e8 stato formato.<\/li>\n<\/ul>\n<p><strong>Nota Bene:<\/strong><\/p>\n<ul>\n<li>Questa Cancelleria Consolare \u00e8 competente per la trasmissione di atti di matrimonio formati nei Paesi Bassi o in paesi terzi <strong>solo ed esclusivamente<\/strong> per gli iscritti AIRE in questa circoscrizione consolare.<\/li>\n<li>I matrimoni tra persone dello stesso sesso saranno registrati come <em>Unione Civile<\/em> secondo la vigente normativa italiana.<\/li>\n<\/ul>\n","protected":false},"excerpt":{"rendered":"Celebrazione del Matrimonio: I cittadini italiani che desiderano sposarsi all&#8217;estero devono seguire le indicazioni fornite dalle Autorit\u00e0 estere competenti. Documentazione Necessaria: Il certificato internazionale di nascita pu\u00f2 essere ottenuto solo ed esclusivamente dal Comune italiano di nascita. I certificati di Stato Libero e di Capacit\u00e0 Matrimoniale possono essere richiesti presso questa Cancelleria Consolare solo nel [&hellip;]","protected":false},"author":5,"featured_media":0,"parent":68,"menu_order":0,"comment_status":"closed","ping_status":"closed","template":"","meta":{"footnotes":""},"class_list":["post-390","page","type-page","status-publish","hentry"],"_links":{"self":[{"href":"https:\/\/amblaja.esteri.it\/it\/wp-json\/wp\/v2\/pages\/390","targetHints":{"allow":["GET"]}}],"collection":[{"href":"https:\/\/amblaja.esteri.it\/it\/wp-json\/wp\/v2\/pages"}],"about":[{"href":"https:\/\/amblaja.esteri.it\/it\/wp-json\/wp\/v2\/types\/page"}],"author":[{"embeddable":true,"href":"https:\/\/amblaja.esteri.it\/it\/wp-json\/wp\/v2\/users\/5"}],"replies":[{"embeddable":true,"href":"https:\/\/amblaja.esteri.it\/it\/wp-json\/wp\/v2\/comments?post=390"}],"version-history":[{"count":6,"href":"https:\/\/amblaja.esteri.it\/it\/wp-json\/wp\/v2\/pages\/390\/revisions"}],"predecessor-version":[{"id":3877,"href":"https:\/\/amblaja.esteri.it\/it\/wp-json\/wp\/v2\/pages\/390\/revisions\/3877"}],"up":[{"embeddable":true,"href":"https:\/\/amblaja.esteri.it\/it\/wp-json\/wp\/v2\/pages\/68"}],"wp:attachment":[{"href":"https:\/\/amblaja.esteri.it\/it\/wp-json\/wp\/v2\/media?parent=390"}],"curies":[{"name":"wp","href":"https:\/\/api.w.org\/{rel}","templated":true}]}}