{"id":40,"date":"2023-04-11T18:01:19","date_gmt":"2023-04-11T16:01:19","guid":{"rendered":"https:\/\/ambasciatapraga.esteri.it\/?page_id=40"},"modified":"2026-04-10T08:53:18","modified_gmt":"2026-04-10T06:53:18","slug":"gli-uffici","status":"publish","type":"page","link":"https:\/\/amblaja.esteri.it\/it\/chi-siamo\/gli-uffici\/","title":{"rendered":"Gli Uffici"},"content":{"rendered":"<p><strong>DOVUTO ALL&#8217;ALTO TRAFFICO TELEFONICO SI PREGA DI CONSULTARE LE PAGINE DEL SITO WEB O SCRIVERE AGLI INDIRIZZI DI POSTA ELETTRONICA DEL SETTORE DI INTERESSE REPERIBILI NEL SEGUENTE ELENCO:<\/strong><\/p>\n<p>&nbsp;<\/p>\n<ul>\n<li>Anagrafe \/ AIRE: \u00a0<a class=\"focus--mouse\" href=\"mailto:denhaag.anagrafe@esteri.it\" data-focus-mouse=\"true\">denhaag.anagrafe@esteri.it<\/a><\/li>\n<li>Carte d\u2019Identit\u00e0: \u00a0<a href=\"mailto:ci_conamst@esteri.it\">ci_conamst@esteri.it<\/a><\/li>\n<li>Cittadinanza: <a href=\"mailto:denhaag.notarile@esteri.it\">denhaag.cittadinanza@esteri.it<\/a><\/li>\n<li>Codici fiscali:\u00a0<a href=\"mailto:denhaag.info@esteri.it\">denhaag.info@esteri.it<\/a><\/li>\n<li>Diplomi:\u00a0<a href=\"mailto:archivio.denhaag@esteri.it\">archivio.denhaag@esteri.it<\/a><\/li>\n<li>Elettorale\u00a0<a href=\"mailto:denhaag.elettorale@esteri.it\">denhaag.elettorale@esteri.it<\/a><\/li>\n<li>Navigazione: \u00a0<a href=\"mailto:denhaag.pass2@esteri.it\">denhaag.pass2@esteri.it<\/a><\/li>\n<li>Notarile: <a href=\"mailto:denhaag.notarile@esteri.it\">denhaag.notarile@esteri.it<\/a><\/li>\n<li>Passaporti:\u00a0 <a href=\"mailto:denhaag.passaporti@esteri.it\">denhaag.passaporti@esteri.it<\/a><strong> \u00a0<\/strong><\/li>\n<li>Stato Civile: <a href=\"mailto:denhaag.statocivile@esteri.it\">denhaag.statocivile@esteri.it<\/a><\/li>\n<li>Ufficio Scolastico: <a href=\"mailto:corsi.bruxelles@esteri.it\">corsi.bruxelles@esteri.it<\/a><strong>\u00a0L\u2019Ufficio Scolastico ha sede a Bruxelles \u2013 Belgio.<\/strong><\/li>\n<li>Visti:\u00a0<a href=\"mailto:denhaag.pass1@esteri.it\">denhaag.pass1@esteri.it<\/a><strong>\u00a0<\/strong><\/li>\n<li>Generale: <a href=\"mailto:denhaag.consolare@esteri.it\">denhaag.consolare@esteri.it<\/a><strong>\u00a0<\/strong><\/li>\n<\/ul>\n<p><strong>UFFICI DELL&#8217;AMBASCIATA<\/strong><\/p>\n<ul>\n<li><strong>Indirizzo<\/strong>: Parkstraat 28, 2514 JK Den Haag<\/li>\n<li><strong>Centralino<\/strong>: +31 (0)70 302 1030<\/li>\n<li><strong>Email Generale<\/strong>: <a href=\"mailto:denhaag.embitaly@esteri.it\" target=\"_new\" rel=\"noopener\">denhaag.embitaly@esteri.it<\/a><\/li>\n<li><strong>Ruolo<\/strong>: L&#8217;ambasciata svolge un ruolo prettamente diplomatico.<\/li>\n<li><strong><a href=\"https:\/\/amblaja.esteri.it\/it\/chi-siamo\/gli-uffici\/uffici-della-cancelleria-diplomatica\/\">Contatti dettagliati per la Cancelleria Diplomatica<\/a><\/strong><\/li>\n<\/ul>\n<hr \/>\n<p><strong>UFFICI DELLA CANCELLERIA CONSOLARE<\/strong><\/p>\n<ul>\n<li><strong>Indirizzo<\/strong>: Parkstraat 28, 2514 JK Den Haag<\/li>\n<li><strong>Telefono<\/strong>: +31 (0)70 306 5510 (Opzione 2 per Cancelleria Consolare)<\/li>\n<li><strong>Email<\/strong>: Cancelleria:\u00a0<a href=\"mailto:denhaag.consolare@esteri.it\">denhaag.consolare@esteri.it<\/a>\n<ul>\n<li><strong>PEC<\/strong> :\u00a0<a href=\"mailto:amb.laja.consolare@cert.esteri.it%20(esclusivamente%20per%20Posta%20Elettronica%20Certificata)\">amb.laja.consolare@cert.esteri.it<\/a> <strong>(esclusivamente per Posta Elettronica Certificata)<\/strong><\/li>\n<li><strong>PEC passaporti<\/strong>:\u00a0<a href=\"mailto:amb.laja.pass@cert.esteri.it\">amb.laja.pass@cert.esteri.it<\/a>\u00a0<strong>(esclusivamente per Posta Elettronica Certificata)<\/strong><\/li>\n<\/ul>\n<\/li>\n<li><strong>Ruolo<\/strong>: La Cancelleria Consolare svolge funzioni amministrative, notarili e giurisdizionali per i connazionali all&#8217;estero.<\/li>\n<li><strong><a href=\"https:\/\/amblaja.esteri.it\/it\/chi-siamo\/gli-uffici\/uffici-della-cancelleria-consolare\/\">Contatti dettagliati per la Cancelleria Consolare<\/a><\/strong><\/li>\n<li><a href=\"https:\/\/amblaja.esteri.it\/it\/servizi-consolari-e-visti\/servizi-per-il-cittadino-italiano\/passaporti-e-carte-didentita\/\">Orari Uffici Passaporti<\/a><\/li>\n<\/ul>\n<hr \/>\n<p><strong>CONTATTI TELEFONICI CON I SERVIZI CONSOLARI<\/strong><\/p>\n<p>Il centralino telefonico risponde dal luned\u00ec al venerd\u00ec dalle ore 09:00 alle 13:00 e dalle ore 14:00 alle 16:30<\/p>\n<ul>\n<li><strong>Numeri di Contatto<\/strong>:\n<ul>\n<li>070-3021030<\/li>\n<li>070-3065510 (<strong>Cancelleria Consolare &#8211; opzione 2 nel menu<\/strong>)<\/li>\n<\/ul>\n<\/li>\n<\/ul>\n<p><strong>SUGGERIMENTI PRIMA DI CONTATTARE I SERVIZI CONSOLARI\u00a0<\/strong><\/p>\n<ul>\n<li>Consultare il sito internet per risposte ai quesiti consolari.<\/li>\n<li>Se le informazioni non sono disponibili sul sito, inviare una e-mail al reparto appropriato per ottenere una risposta entro 2-4 giorni.<\/li>\n<li>Prefisso internazionale dei Paesi Bassi: +31. Non digitare lo zero dopo il +31 per chiamate internazionali.<\/li>\n<\/ul>\n<p><strong>ORARI DI APERTURA E CHIUSURA<\/strong><\/p>\n<ul>\n<li><strong>Apertura al pubblico<\/strong>: Mattina: Luned\u00ec 09:30-13:00 e Marted\u00ec-Venerd\u00ec, 09:00 &#8211; 12:30.<\/li>\n<li>Pomeriggio Marted\u00ec e Mercoled\u00ec, 13:30 &#8211; 16:00.<\/li>\n<li><strong>Chiusura al pubblico<\/strong>: Sabato, Domenica e durante le festivit\u00e0. <a href=\"https:\/\/amblaja.esteri.it\/wp-content\/uploads\/2026\/04\/Calendario-festivita-della-Sede-2026.pdf\">Festivit\u00e0 2026<\/a><\/li>\n<\/ul>\n<hr \/>\n<p><strong>INFORMAZIONI AGGIUNTIVE<\/strong><\/p>\n<ul>\n<li><strong>Emergenze<\/strong>: Fuori orario d&#8217;ufficio, contattare +31 65 154 1399.<\/li>\n<li><strong>Sicurezza<\/strong>: L&#8217;accesso \u00e8 consentito solo con appuntamento o in caso di emergenza comprovata. Sono previsti controlli di sicurezza.<\/li>\n<\/ul>\n","protected":false},"excerpt":{"rendered":"DOVUTO ALL&#8217;ALTO TRAFFICO TELEFONICO SI PREGA DI CONSULTARE LE PAGINE DEL SITO WEB O SCRIVERE AGLI INDIRIZZI DI POSTA ELETTRONICA DEL SETTORE DI INTERESSE REPERIBILI NEL SEGUENTE ELENCO: &nbsp; Anagrafe \/ AIRE: \u00a0denhaag.anagrafe@esteri.it Carte d\u2019Identit\u00e0: \u00a0ci_conamst@esteri.it Cittadinanza: denhaag.cittadinanza@esteri.it Codici fiscali:\u00a0denhaag.info@esteri.it Diplomi:\u00a0archivio.denhaag@esteri.it Elettorale\u00a0denhaag.elettorale@esteri.it Navigazione: \u00a0denhaag.pass2@esteri.it Notarile: denhaag.notarile@esteri.it Passaporti:\u00a0 denhaag.passaporti@esteri.it \u00a0 Stato Civile: denhaag.statocivile@esteri.it Ufficio Scolastico: corsi.bruxelles@esteri.it\u00a0L\u2019Ufficio [&hellip;]","protected":false},"author":1,"featured_media":0,"parent":13,"menu_order":4,"comment_status":"closed","ping_status":"closed","template":"","meta":{"footnotes":""},"class_list":["post-40","page","type-page","status-publish","hentry"],"_links":{"self":[{"href":"https:\/\/amblaja.esteri.it\/it\/wp-json\/wp\/v2\/pages\/40","targetHints":{"allow":["GET"]}}],"collection":[{"href":"https:\/\/amblaja.esteri.it\/it\/wp-json\/wp\/v2\/pages"}],"about":[{"href":"https:\/\/amblaja.esteri.it\/it\/wp-json\/wp\/v2\/types\/page"}],"author":[{"embeddable":true,"href":"https:\/\/amblaja.esteri.it\/it\/wp-json\/wp\/v2\/users\/1"}],"replies":[{"embeddable":true,"href":"https:\/\/amblaja.esteri.it\/it\/wp-json\/wp\/v2\/comments?post=40"}],"version-history":[{"count":8,"href":"https:\/\/amblaja.esteri.it\/it\/wp-json\/wp\/v2\/pages\/40\/revisions"}],"predecessor-version":[{"id":7492,"href":"https:\/\/amblaja.esteri.it\/it\/wp-json\/wp\/v2\/pages\/40\/revisions\/7492"}],"up":[{"embeddable":true,"href":"https:\/\/amblaja.esteri.it\/it\/wp-json\/wp\/v2\/pages\/13"}],"wp:attachment":[{"href":"https:\/\/amblaja.esteri.it\/it\/wp-json\/wp\/v2\/media?parent=40"}],"curies":[{"name":"wp","href":"https:\/\/api.w.org\/{rel}","templated":true}]}}