{"id":424,"date":"2023-09-04T14:42:22","date_gmt":"2023-09-04T12:42:22","guid":{"rendered":"https:\/\/amblaja.esteri.it\/?page_id=424"},"modified":"2025-06-26T12:09:45","modified_gmt":"2025-06-26T10:09:45","slug":"protezione-consolare","status":"publish","type":"page","link":"https:\/\/amblaja.esteri.it\/it\/servizi-consolari-e-visti\/servizi-per-il-cittadino-italiano\/assistenza-ai-cittadini-allestero\/protezione-consolare\/","title":{"rendered":"Protezione consolare"},"content":{"rendered":"<h4>Protezione Consolare<\/h4>\n<p>Nell&#8217;ambito della protezione e dell&#8217;assistenza consolare, nel rispetto dei limiti imposti dalle norme locali, alcuni interventi riguardano i cittadini che incorrano in problemi con la<br \/>\ngiustizia locale o che rimangano coinvolti in incidenti; il rimpatrio delle salme; la ricerca di connazionali che non danno pi\u00f9 notizia di s\u00e9; l&#8217;assistenza<br \/>\na genitori italiani ai quali il coniuge straniero o doppio cittadino abbia sottratto un figlio, portandolo con s\u00e9 all&#8217;estero.<\/p>\n<p>Per gli incidenti occorsi all&#8217;estero, le Rappresentanze diplomatico-consolari si assicurano che vengano debitamente informati i familiari e che venga fornita ogni possibile assistenza in caso di necessit\u00e0 di trasferimento in Italia.<\/p>\n<p>Nel caso in cui un connazionale sia arrestato in un paese straniero, il Consolato pu\u00f2, nel rispetto delle norme locali:<\/p>\n<ul>\n<li>effettuare visite consolari al detenuto;<\/li>\n<li>fornire nominativi di legali in loco;<\/li>\n<li>\u00a0curare i collegamenti con i familiari in Italia;<\/li>\n<li>provvedere ad assicurare al detenuto, quando necessario e consentito dalle norme locali, assistenza medica, alimenti, libri e giornali;<\/li>\n<li>intervenire per il trasferimento in Italia, qualora il connazionale sia detenuto in Paesi aderenti alla Convenzione di Strasburgo sul<br \/>\ntrasferimento dei detenuti o ad accordi bilaterali ad hoc.<\/li>\n<\/ul>\n<p>Il Consolato non pu\u00f2:<\/p>\n<ul>\n<li>intervenire in giudizio per conto del connazionale;<\/li>\n<li>pagare le spese legali del detenuto.<\/li>\n<\/ul>\n<p><strong>La Sottrazione internazionale di minori<\/strong><\/p>\n<p>Link alla\u00a0<a href=\"http:\/\/www.esteri.it\/mae\/approfondimenti\/20110210_guida_bambini_contesi.pdf\">Guida bambini contesi<\/a><\/p>\n<p>&nbsp;<\/p>\n<p><strong>Ricerche di connazionali all&#8217;estero<\/strong><\/p>\n<p>Informazioni riguardanti cittadini italiani presenti nella circoscrizione consolare possono essere fornite nel rispetto della\u00a0<strong>normativa vigente in materia di<\/strong><br \/>\n<strong>protezione dei dati personali, che impone nella maggior parte dei casi <\/strong><strong>l\u2019assenso della persona cercata<\/strong>.<\/p>\n<p>Gli Uffici consolari effettuano, nei limiti degli strumenti ammessi dalla legislazione locale e di quanto sopra specificato, ricerche per le quali il richiedente abbia dimostrato un interesse legittimo.<\/p>\n<p>Le richieste vanno indirizzate direttamente all\u2019Ufficio consolare competente mediante istanza autografa (in carta semplice) motivata, allegando la copia di un valido documento d\u2019identit\u00e0 del richiedente. In caso di scomparsa, dovr\u00e0 essere presentata altres\u00ec una copia della relativa denuncia resa davanti ai competenti organi di polizia.<\/p>\n<p>Solo nel caso in cui non si conosca l\u2019Ufficio consolare competente, le richieste potranno essere indirizzate all\u2019Ufficio IV\u00b0 della Direzione Generale per gli Italiani all\u2019Estero e le Politiche Migratorie ai seguenti recapiti: tel. 06-3691.2907<\/p>\n<p>Si fa presente che nei Paesi Bassi vi \u00e8 una rigorosa applicazione delle norme sulla privacy che molto spesso non consente a questo Consolato Generale di ottenere determinate informazioni.<\/p>\n","protected":false},"excerpt":{"rendered":"Protezione Consolare Nell&#8217;ambito della protezione e dell&#8217;assistenza consolare, nel rispetto dei limiti imposti dalle norme locali, alcuni interventi riguardano i cittadini che incorrano in problemi con la giustizia locale o che rimangano coinvolti in incidenti; il rimpatrio delle salme; la ricerca di connazionali che non danno pi\u00f9 notizia di s\u00e9; l&#8217;assistenza a genitori italiani ai [&hellip;]","protected":false},"author":5,"featured_media":0,"parent":69,"menu_order":0,"comment_status":"closed","ping_status":"closed","template":"","meta":{"footnotes":""},"class_list":["post-424","page","type-page","status-publish","hentry"],"_links":{"self":[{"href":"https:\/\/amblaja.esteri.it\/it\/wp-json\/wp\/v2\/pages\/424","targetHints":{"allow":["GET"]}}],"collection":[{"href":"https:\/\/amblaja.esteri.it\/it\/wp-json\/wp\/v2\/pages"}],"about":[{"href":"https:\/\/amblaja.esteri.it\/it\/wp-json\/wp\/v2\/types\/page"}],"author":[{"embeddable":true,"href":"https:\/\/amblaja.esteri.it\/it\/wp-json\/wp\/v2\/users\/5"}],"replies":[{"embeddable":true,"href":"https:\/\/amblaja.esteri.it\/it\/wp-json\/wp\/v2\/comments?post=424"}],"version-history":[{"count":3,"href":"https:\/\/amblaja.esteri.it\/it\/wp-json\/wp\/v2\/pages\/424\/revisions"}],"predecessor-version":[{"id":5346,"href":"https:\/\/amblaja.esteri.it\/it\/wp-json\/wp\/v2\/pages\/424\/revisions\/5346"}],"up":[{"embeddable":true,"href":"https:\/\/amblaja.esteri.it\/it\/wp-json\/wp\/v2\/pages\/69"}],"wp:attachment":[{"href":"https:\/\/amblaja.esteri.it\/it\/wp-json\/wp\/v2\/media?parent=424"}],"curies":[{"name":"wp","href":"https:\/\/api.w.org\/{rel}","templated":true}]}}