{"id":4404,"date":"2025-01-21T12:59:10","date_gmt":"2025-01-21T10:59:10","guid":{"rendered":"https:\/\/amblaja.esteri.it\/?page_id=4404"},"modified":"2025-01-22T12:23:16","modified_gmt":"2025-01-22T10:23:16","slug":"rimborso-di-buoni-fruttiferi-postali-e-libretti-di-risparmio-postale","status":"publish","type":"page","link":"https:\/\/amblaja.esteri.it\/it\/servizi-consolari-e-visti\/servizi-per-il-cittadino-italiano\/rimborso-di-buoni-fruttiferi-postali-e-libretti-di-risparmio-postale\/","title":{"rendered":"Rimborso di Buoni fruttiferi postali e libretti di risparmio postale"},"content":{"rendered":"<p><strong>Poste Italiane S.p.A.<\/strong> esegue\u00a0rimborsi dei titoli di risparmio postale\u00a0 detenuti in Italia da cittadini italiani\u00a0 e stranieri\u00a0residenti all\u2019estero che lo richiedano,\u00a0direttamente sul loro conto corrente bancario o tramite assegno.<\/p>\n<p>Per ottenere il rimborso \u00e9 necessario:<\/p>\n<p>1) Compilare il <a href=\"https:\/\/amblaja.esteri.it\/wp-content\/uploads\/2025\/01\/modello_w14_-_buoni_fruttiferi_postali_libretti_postali.doc\">modulo di richiesta rimborso (mod. W14)<\/a><\/p>\n<p>2) Compilare il <a href=\"https:\/\/amblaja.esteri.it\/wp-content\/uploads\/2025\/01\/poste-_mod_all_1-scelta_pagamento_titoli_postali.doc\">modulo di scelta della forma di pagamento <\/a> (assegno o bonifico bancario). Il modulo deve essere correttamente compilato con tutti i dati richiesti e in modo leggibile.<\/p>\n<p>3) Autenticare la firma sui due moduli. Per l\u2019autenticazione della firma occorre prenotare un appuntamento con l\u2019ufficio notarile tramite e-mail: <a href=\"mailto:denhaag.notarile@esteri.it\">denhaag.notarile@esteri.it<\/a>\u00a0 Il giorno dell\u2019appuntamento ci si dovr\u00e0 presentare presso la Cancelleria Consolare muniti di un documento d\u2019identit\u00e0 in corso di validit\u00e0, del codice fiscale e dei moduli gi\u00e0 compilati ma non firmati. La firma dovr\u00e0 essere apposta davanti al funzionario consolare incaricato dell\u2019autentica.<\/p>\n<p>Per l\u2019autentica di firma si applica l\u2019art. 24 della <a href=\"https:\/\/amblaja.esteri.it\/it\/news\/dall_ambasciata\/2024\/12\/tabella-dei-diritti-consolari-aggiornamento-normativo-in-vigore-dal-1-gennaio-2025\/\">tabella delle tariffe consolari<\/a>.<\/p>\n<p>Tutta la documentazione completa:<\/p>\n<ol>\n<li>i due moduli autenticati;<\/li>\n<li>una copia del documento d\u2019identit\u00e0 (italiano) in corso di validit\u00e0;<\/li>\n<li>una copia del codice fiscale;<\/li>\n<li>i Buoni fruttiferi postali e\/o i Libretti di risparmio postale in originale<\/li>\n<\/ol>\n<p>dovr\u00e0 essere inviata\u00a0 per posta raccomandata direttamente dagli interessati a Poste Italiane S.p.A. al seguente indirizzo:<\/p>\n<p><strong>Poste Italiane S.p.A. <\/strong><\/p>\n<p><strong>DTO &#8211; SBO &#8211; Risparmio Postale e Gestito &#8211; Ufficio Buoni <\/strong><\/p>\n<p><strong>Via di Tor Pagnotta, 2\u00a0 <\/strong><\/p>\n<p><strong>00143 Roma<\/strong><\/p>\n<p>Si suggerisce di conservare una copia della documentazione completa.<\/p>\n<p>Poste Italiane, effettuato il rimborso del titolo, provvede a inviare l&#8217;importo corrispondente mediante assegno vidimato non trasferibile intestato al beneficiario o mediante bonifico estero con accredito sul conto corrente bancario in base alla scelta tra le due modalit\u00e0 indicata dall&#8217;avente diritto nell&#8217;apposito modulo.<\/p>\n<p>Si raccomanda di verificare con Poste Italiane la correttezza e l\u2019attualit\u00e0 della sopra descritta procedura consultando il sito all\u2019indirizzo: <a href=\"https:\/\/www.poste.it\/faq-buoni-e-libretti.html\">https:\/\/www.poste.it\/faq-buoni-e-libretti.html<\/a><\/p>\n<p>&nbsp;<\/p>\n","protected":false},"excerpt":{"rendered":"Poste Italiane S.p.A. esegue\u00a0rimborsi dei titoli di risparmio postale\u00a0 detenuti in Italia da cittadini italiani\u00a0 e stranieri\u00a0residenti all\u2019estero che lo richiedano,\u00a0direttamente sul loro conto corrente bancario o tramite assegno. Per ottenere il rimborso \u00e9 necessario: 1) Compilare il modulo di richiesta rimborso (mod. W14) 2) Compilare il modulo di scelta della forma di pagamento (assegno [&hellip;]","protected":false},"author":5,"featured_media":0,"parent":47,"menu_order":0,"comment_status":"closed","ping_status":"closed","template":"","meta":{"footnotes":""},"class_list":["post-4404","page","type-page","status-publish","hentry"],"_links":{"self":[{"href":"https:\/\/amblaja.esteri.it\/it\/wp-json\/wp\/v2\/pages\/4404","targetHints":{"allow":["GET"]}}],"collection":[{"href":"https:\/\/amblaja.esteri.it\/it\/wp-json\/wp\/v2\/pages"}],"about":[{"href":"https:\/\/amblaja.esteri.it\/it\/wp-json\/wp\/v2\/types\/page"}],"author":[{"embeddable":true,"href":"https:\/\/amblaja.esteri.it\/it\/wp-json\/wp\/v2\/users\/5"}],"replies":[{"embeddable":true,"href":"https:\/\/amblaja.esteri.it\/it\/wp-json\/wp\/v2\/comments?post=4404"}],"version-history":[{"count":5,"href":"https:\/\/amblaja.esteri.it\/it\/wp-json\/wp\/v2\/pages\/4404\/revisions"}],"predecessor-version":[{"id":4426,"href":"https:\/\/amblaja.esteri.it\/it\/wp-json\/wp\/v2\/pages\/4404\/revisions\/4426"}],"up":[{"embeddable":true,"href":"https:\/\/amblaja.esteri.it\/it\/wp-json\/wp\/v2\/pages\/47"}],"wp:attachment":[{"href":"https:\/\/amblaja.esteri.it\/it\/wp-json\/wp\/v2\/media?parent=4404"}],"curies":[{"name":"wp","href":"https:\/\/api.w.org\/{rel}","templated":true}]}}