{"id":46,"date":"2023-04-11T18:11:52","date_gmt":"2023-04-11T16:11:52","guid":{"rendered":"https:\/\/ambasciatapraga.esteri.it\/?page_id=46"},"modified":"2023-09-06T10:01:05","modified_gmt":"2023-09-06T08:01:05","slug":"cooperazione-allo-sviluppo","status":"publish","type":"page","link":"https:\/\/amblaja.esteri.it\/it\/italia-e-paesi-bassi\/cooperazione-allo-sviluppo\/","title":{"rendered":"Cooperazione allo sviluppo"},"content":{"rendered":"<p><strong>Accesso Rapido<\/strong>:<\/p>\n<ul>\n<li class=\"boxLevel04\"><a title=\"Vai al sito web del Ministeroper l'Istruzione, la Cultura e le Scienze\" href=\"http:\/\/www.government.nl\/ministries\/ocw#ref-minocw\">Ministero per l\u2019Istruzione, la Cultura e le Scienze<\/a><\/li>\n<\/ul>\n<h4><\/h4>\n<p>POLITICA, RICERCA E SVILUPPO<\/p>\n<p>I Paesi Bassi sono uno dei Paesi che pi\u00f9 incentiva la cooperazione scientifica e tecnologica ritenendola uno strumento importante non solo per arricchire i suoi rapporti internazionali ma anche per migliorare la competitivit\u00e0 dei propri centri di ricerca scientifica e, al contempo, la propria capacit\u00e0 di trasferire nuove tecnologie all\u2019industria ed alle aziende.<\/p>\n<p>I rapporti di cooperazione scientifica e culturale tra i Paesi Bassi e gli altri Paesi si basano su Accordi, stipulati dalle rispettive rappresentanze governative, in conformit\u00e0 dei quali vengono definiti dei programmi esecutivi di cooperazione scientifica e culturale bilaterali. A livello europeo, tuttavia, tali strumenti risultano sempre meno attuali poich\u00e9 superati da Programmi Quadro dell\u2019Unione Europea o da accordi diretti tra istituzioni scientifiche e\/o culturali dei Paesi Membri, resi possibili dalla sempre pi\u00fa crescente proiezione internazionale degli stessi e da un quadro legislativo europeo di riferimento che facilita le relazioni tra gli Stati Membri dell\u2019Unione.<\/p>\n<p>Il Governo olandese \u00e9 impegnato ad ottimizzare l&#8217;uso delle opportunit\u00e0 offerte dai Programmi Quadro dell&#8217;Unione Europea a sostegno della ricerca e dello sviluppo, favorendo il collegamento tra i centri di eccellenza olandesi e stranieri. In tale senso \u201cinnovazione\u201d e \u201cqualit\u00e0\u201d nella ricerca e nella collaborazione culturale sono gli obiettivi fondamentali della sua politica della scienza, della tecnologia e dell\u2019informazione. Nei programmi con i Paesi emergenti particolare attenzione \u00e8 riservata alle attivit\u00e0 di ricerca e sviluppo tecnologico che consentono di potenziare la capacit\u00e0 di ricerca di questi Paesi, spesso attraverso attivit\u00e0 di formazione realizzata\u00a0nei Paesi Bassi.<\/p>\n<p>Le istituzioni di riferimento per la promozione della cooperazione scientifica e tecnologica sono il Ministero per l\u2019Istruzione, la Cultura e le Scienze, e organizzazioni come il NUFFIC (Organizzazione Olandese per la Collaborazione nell\u2019Istruzione Superiore ed Universitaria) e il NWO (Organizzazione Olandese per le Ricerche Scientifiche) che hanno il compito di iniziare e stimolare nuovi sviluppi nella ricerca scientifica attraverso la promozione e la gestione della mobilit\u00e0 internazionale degli studenti e della collaborazione istituzionale tra enti deputati alla formazione.<\/p>\n<p><a href=\"http:\/\/www.innovitalia.net\/\"><strong>INNOVITALIA<\/strong><\/a><\/p>\n<p>Innovitalia.net \u00e8 la piattaforma digitale ideata dal Ministero degli Affari Esteri ed il Ministero dell\u2019Istruzione, dell\u2019Universit\u00e0 e della Ricerca: il suo scopo \u00e8 quello di favorire l\u2019aggregazione, la condivisione ed il confronto fra gli attori italiani della ricerca scientifica che lavorano in Italia ed all\u2019estero. In modo interattivo, la piattaforma facilita lo scambio di idee e conoscenze, favorendo l\u2019innovazione ed il trasferimento di esperienze di coloro che operano all\u2019estero nel tessuto scientifico italiano.\u00a0 Il progetto, avviato nell\u2019ottobre 2012, \u00e8 stato presentato alla Farnesina, nell\u2019ambito delle iniziative a favore dell\u2019internazionalizzazione del Sistema Paese.<\/p>\n","protected":false},"excerpt":{"rendered":"Accesso Rapido: Ministero per l\u2019Istruzione, la Cultura e le Scienze POLITICA, RICERCA E SVILUPPO I Paesi Bassi sono uno dei Paesi che pi\u00f9 incentiva la cooperazione scientifica e tecnologica ritenendola uno strumento importante non solo per arricchire i suoi rapporti internazionali ma anche per migliorare la competitivit\u00e0 dei propri centri di ricerca scientifica e, al [&hellip;]","protected":false},"author":1,"featured_media":0,"parent":14,"menu_order":6,"comment_status":"closed","ping_status":"closed","template":"","meta":{"footnotes":""},"class_list":["post-46","page","type-page","status-publish","hentry"],"_links":{"self":[{"href":"https:\/\/amblaja.esteri.it\/it\/wp-json\/wp\/v2\/pages\/46","targetHints":{"allow":["GET"]}}],"collection":[{"href":"https:\/\/amblaja.esteri.it\/it\/wp-json\/wp\/v2\/pages"}],"about":[{"href":"https:\/\/amblaja.esteri.it\/it\/wp-json\/wp\/v2\/types\/page"}],"author":[{"embeddable":true,"href":"https:\/\/amblaja.esteri.it\/it\/wp-json\/wp\/v2\/users\/1"}],"replies":[{"embeddable":true,"href":"https:\/\/amblaja.esteri.it\/it\/wp-json\/wp\/v2\/comments?post=46"}],"version-history":[{"count":6,"href":"https:\/\/amblaja.esteri.it\/it\/wp-json\/wp\/v2\/pages\/46\/revisions"}],"predecessor-version":[{"id":534,"href":"https:\/\/amblaja.esteri.it\/it\/wp-json\/wp\/v2\/pages\/46\/revisions\/534"}],"up":[{"embeddable":true,"href":"https:\/\/amblaja.esteri.it\/it\/wp-json\/wp\/v2\/pages\/14"}],"wp:attachment":[{"href":"https:\/\/amblaja.esteri.it\/it\/wp-json\/wp\/v2\/media?parent=46"}],"curies":[{"name":"wp","href":"https:\/\/api.w.org\/{rel}","templated":true}]}}