{"id":49,"date":"2023-04-11T18:13:11","date_gmt":"2023-04-11T16:13:11","guid":{"rendered":"https:\/\/ambasciatapraga.esteri.it\/?page_id=49"},"modified":"2025-02-06T12:22:36","modified_gmt":"2025-02-06T10:22:36","slug":"passaporti-e-carte-didentita","status":"publish","type":"page","link":"https:\/\/amblaja.esteri.it\/it\/servizi-consolari-e-visti\/servizi-per-il-cittadino-italiano\/passaporti-e-carte-didentita\/","title":{"rendered":"Passaporti e Carte d\u2019identit\u00e0"},"content":{"rendered":"<p>Il servizio \u00e8 erogato per appuntamento da fissare tramite il sistema <a href=\"https:\/\/prenotami.esteri.it\/\">PRENOT@MI<\/a><\/p>\n<p><strong>La registrazione al sistema PRENOT@MI \u00e8 gratuita e garantisce strutturati sistemi di controllo nel rispetto della trasparenza, eguaglianza, imparzialit\u00e0 ed efficienza.<\/strong><\/p>\n<p>Lo sportello del Settore Passaporti e C.I.E. \u00e8 aperto al pubblico nei seguenti giorni e rispetta i seguenti orari:<\/p>\n<ul>\n<li><strong>LUNED\u00cc <\/strong>dalle ore <strong>09:30<\/strong> alle ore <strong>13:00<\/strong><\/li>\n<li>da<strong> MARTED\u00cc <\/strong>a <strong>VENERD\u00cc\u00a0 <\/strong>dalle ore <strong>09:00<\/strong> alle ore <strong>12:30<\/strong>\u00a0<strong><br \/>\n<\/strong><\/li>\n<li><strong>Pomeriggio MARTED\u00cc <\/strong>e<strong> MERCOLED\u00cc <\/strong>dalle ore <strong>13:30<\/strong> alle ore <strong>16:00<br \/>\n<\/strong><\/li>\n<\/ul>\n<p>DOPO aver verificato che le informazioni di cui si necessita non siano gi\u00e0 fornite alle apposite pagine del Sito web (vedi: <a href=\"https:\/\/amblaja.esteri.it\/it\/servizi-consolari-e-visti\/servizi-per-il-cittadino-italiano\/passaporti-e-carte-didentita\/passaporti\/\">Passaporti<\/a>, <a href=\"https:\/\/amblaja.esteri.it\/it\/servizi-consolari-e-visti\/servizi-per-il-cittadino-italiano\/passaporti-e-carte-didentita\/cie-carta-identita-elettronica\/\">CIE o<\/a>\u00a0<a href=\"https:\/\/amblaja.esteri.it\/it\/servizi-consolari-e-visti\/servizi-per-il-cittadino-italiano\/emergency-travel-documents-etd\/\">ETD<\/a>) , si raccomanda di sottoporre via e-mail\u00a0 i propri quesiti scrivendo a:<\/p>\n<ul>\n<li>passaporti: <a class=\"\" href=\"mailto:denhaag.passaporti@esteri.it\" data-focus-mouse=\"false\">denhaag.passaporti@esteri.it<\/a><\/li>\n<li>Carta d\u2019identit\u00e0 Elettronica: <a href=\"mailto:ci_conamst@esteri.it\">ci_conamst@esteri.it<\/a><\/li>\n<\/ul>\n<p>Gli Addetti del Reparto Passaporti e Carte d\u2019Identit\u00e0 risponderanno telefonicamente all\u2019Utenza il luned\u00ec e il venerd\u00ec dalle ore 14:00 alle ore 16:00.<\/p>\n<hr \/>\n<p><strong>Come Prenotare un appuntamento?<\/strong><\/p>\n<ul>\n<li>Gli appuntamenti ai vari Servizi Consolari di rilascio passaporto e CIE possono essere prenotati tramite il portale <a href=\"https:\/\/prenotami.esteri.it\">Prenot@MI<\/a> selezionando il servizio corretto\u00a0oppure pu\u00f2 essere inoltrato, allegando il modulo di richiesta (vedi <a href=\"https:\/\/amblaja.esteri.it\/it\/servizi-consolari-e-visti\/servizi-per-il-cittadino-italiano\/altri-servizi\/modulistica\/\">qui<\/a>) corredato dei <a href=\"https:\/\/amblaja.esteri.it\/it\/servizi-consolari-e-visti\/servizi-per-il-cittadino-italiano\/passaporti-e-carte-didentita\/passaporti\/\">documenti necessari<\/a> all\u2019istruttoria, anche per posta o tramite la rete consolare onoraria;<\/li>\n<li>qualora l&#8217;utente non possa presentarsi all&#8217;appuntamento, si prega di annullarlo con almeno 24 ore di anticipo tramite il portale <a href=\"https:\/\/prenotami.esteri.it\">Prenot@MI<\/a>, consentendo cos\u00ec ad altri connazionali la possibilit\u00e0 di prenotare;<\/li>\n<li>se non si trovano date disponibili, si invita a consultare frequentemente il calendario del servizio richiesto sul portale <a href=\"https:\/\/prenotami.esteri.it\">Prenot@MI<\/a>. Nuovi appuntamenti vengono regolarmente resi disponibili seguito a cancellazioni.<\/li>\n<li>In caso di prenotazione per minore\/i, il genitore deve prendere l&#8217;appuntamento a proprio nome con le seguenti modalit\u00e0:\n<ul>\n<li><strong>Prenotazione singola<\/strong>, qualora fosse una prenotazione solo per il minore indicare nel campo note nome, cognome e data di nascita del minore;<\/li>\n<li><strong>Prenotazione multipla,\u00a0<\/strong>qualora fosse una prenotazione per piu&#8217; minori o per genitore e minore.<\/li>\n<\/ul>\n<\/li>\n<\/ul>\n<hr \/>\n<p><strong>Nota Bene<\/strong>:<\/p>\n<ul>\n<li>Gentilmente si ricorda che ogni appuntamento corrisponde alla richiesta di un singolo documento.<\/li>\n<li>L&#8217;appuntamento prenotato per il servizio selezionato corrisponder\u00e0 esclusivamente al documento per cui \u00e8 stata effettuata la prenotazione:\n<ul>\n<li>Appuntamento passaporto = richiesta passaporto<\/li>\n<li>Appuntamento CIE = richiesta CIE<\/li>\n<\/ul>\n<\/li>\n<\/ul>\n<p>&nbsp;<\/p>\n","protected":false},"excerpt":{"rendered":"Il servizio \u00e8 erogato per appuntamento da fissare tramite il sistema PRENOT@MI La registrazione al sistema PRENOT@MI \u00e8 gratuita e garantisce strutturati sistemi di controllo nel rispetto della trasparenza, eguaglianza, imparzialit\u00e0 ed efficienza. Lo sportello del Settore Passaporti e C.I.E. \u00e8 aperto al pubblico nei seguenti giorni e rispetta i seguenti orari: LUNED\u00cc dalle ore [&hellip;]","protected":false},"author":1,"featured_media":0,"parent":47,"menu_order":0,"comment_status":"closed","ping_status":"closed","template":"","meta":{"footnotes":""},"class_list":["post-49","page","type-page","status-publish","hentry"],"_links":{"self":[{"href":"https:\/\/amblaja.esteri.it\/it\/wp-json\/wp\/v2\/pages\/49","targetHints":{"allow":["GET"]}}],"collection":[{"href":"https:\/\/amblaja.esteri.it\/it\/wp-json\/wp\/v2\/pages"}],"about":[{"href":"https:\/\/amblaja.esteri.it\/it\/wp-json\/wp\/v2\/types\/page"}],"author":[{"embeddable":true,"href":"https:\/\/amblaja.esteri.it\/it\/wp-json\/wp\/v2\/users\/1"}],"replies":[{"embeddable":true,"href":"https:\/\/amblaja.esteri.it\/it\/wp-json\/wp\/v2\/comments?post=49"}],"version-history":[{"count":7,"href":"https:\/\/amblaja.esteri.it\/it\/wp-json\/wp\/v2\/pages\/49\/revisions"}],"predecessor-version":[{"id":4519,"href":"https:\/\/amblaja.esteri.it\/it\/wp-json\/wp\/v2\/pages\/49\/revisions\/4519"}],"up":[{"embeddable":true,"href":"https:\/\/amblaja.esteri.it\/it\/wp-json\/wp\/v2\/pages\/47"}],"wp:attachment":[{"href":"https:\/\/amblaja.esteri.it\/it\/wp-json\/wp\/v2\/media?parent=49"}],"curies":[{"name":"wp","href":"https:\/\/api.w.org\/{rel}","templated":true}]}}