{"id":517,"date":"2023-09-04T16:51:45","date_gmt":"2023-09-04T14:51:45","guid":{"rendered":"https:\/\/amblaja.esteri.it\/?page_id=517"},"modified":"2023-12-01T12:07:36","modified_gmt":"2023-12-01T10:07:36","slug":"opportunita-di-lavoro-nel-settore-privato","status":"publish","type":"page","link":"https:\/\/amblaja.esteri.it\/it\/italia-e-paesi-bassi\/diplomazia-economica\/fare-affari-in-olanda\/opportunita-di-lavoro-nel-settore-privato\/","title":{"rendered":"Opportunit\u00e0 di lavoro nel settore privato"},"content":{"rendered":"<p>Sono operanti nei Paesi Bassi numerose aziende di selezione del personale che pubblicizzano, anche in lingua inglese, opportunita\u2019 di lavoro nel settore privato, per cui non e\u2019 sempre necessaria la conoscenza della lingua neerlandese.<\/p>\n<p>Segue un elenco solo indicativo e non esaustivo di alcuni siti web ove si possono consultare direttamente le opportunita\u2019 di lavoro:<\/p>\n<ul>\n<li><a title=\"Vai al sito web\" href=\"http:\/\/www.adamsrecruit.nl\/\"><strong>Adams&#8217; Multilingual Recriutment<\/strong><\/a><\/li>\n<li><a title=\"Vai al sito web\" href=\"http:\/\/www.bluelynx.nl\/\"><strong>Blue Lynx<\/strong><\/a><\/li>\n<li><a title=\"Vai al sito web\" href=\"http:\/\/www.kellyservices.nl\/\"><strong>Kelly Services<\/strong><\/a><\/li>\n<li><a title=\"Vai al sito web\" href=\"http:\/\/www.madisonparker.nl\/\"><strong>Madison Parker international<\/strong><\/a><\/li>\n<li><a title=\"Vai al sito web\" href=\"http:\/\/www.poliedro.nl\/\"><strong>Poliedro Services<\/strong><\/a><\/li>\n<li><a title=\"Vai al sito web\" href=\"http:\/\/www.togetherabroad.nl\/\"><strong>Together abroad<\/strong><\/a><\/li>\n<li><a title=\"Vai al sito web\" href=\"http:\/\/www.undutchables.nl\/\"><strong>Undutchables<\/strong><\/a><\/li>\n<li><a title=\"Vai al sito web\" href=\"http:\/\/www.unique.nl\/umls\"><strong>Unique Multilingual<\/strong><\/a><\/li>\n<\/ul>\n<p>Ulteriori suggerimenti possono essere reperiti sui seguenti siti web:<\/p>\n<ul>\n<li><strong><a href=\"https:\/\/www.werk.nl\/portal\/page\/portal\/werk_nl\/werknemer\/eu\/working-netherlands\/jobs\">Werk.nl<\/a><\/strong><\/li>\n<li><strong><a href=\"http:\/\/www.access-nl.org\/living-in-the-netherlands\/working\/finding-a-job.aspx\">Access<\/a><\/strong><\/li>\n<li><strong><a href=\"http:\/\/jobs.expatica.com\/netherlands\/home.html\">Expatica<\/a><\/strong><\/li>\n<li><a href=\"https:\/\/nl.indeed.com\/\">Indeed<\/a><\/li>\n<li><strong><a href=\"https:\/\/www.randstad.nl\/werkgevers\/onze-hr-diensten\/tijdelijk-personeel\/multilingual-recruitment-services\">Randstad<\/a><\/strong><\/li>\n<\/ul>\n<p><strong>EURES &#8211; EURopean Employment Services<\/strong><\/p>\n<p>Si segnala inoltre EURES &#8211; EURopean Employment Services la rete europea dei servizi per l\u2019impiego coordinata dalla Commissione europea. EURES sostiene appunto l&#8217;occupazione attraverso una migliore mobilit\u00e0 dei lavoratori, con il coinvolgimento dei centri pubblici per l&#8217;impiego, i sindacati, le organizzazioni datoriali ed altre istituzioni pubbliche locali e nazionali dei paesi membri dell&#8217;UE, dei paesi dello Spazio Economico Europeo e della Svizzera.<\/p>\n<p>La rete EURES \u00e8 composta da un portale europeo che rappresenta una banca dati di offerte di lavoro e di curriculum a livello comunitario e da una rete di circa 1000 consulenti EURES distribuiti su tutto il territorio europeo. In Italia la rete \u00e8 costituita da oltre 70 consulenti e 400 assistenti dislocati in tutto il territorio nazionale.<\/p>\n<p><strong>Qual \u00e8 l&#8217;obiettivo della rete EURES. A chi \u00e8 rivolto.<\/strong><\/p>\n<p>Obiettivo della rete \u00e8 quello di favorire la mobilit\u00e0 circolare, ossia offrire informazioni, consulenza e orientamento a chi cerca lavoro all&#8217;estero o \u00e8 interessato ad un&#8217;esperienza di mobilit\u00e0 pi\u00f9 in generale, e a chi \u00e8 interessato ad assumere dall&#8217;estero, ad esempio profili professionali non reperibili sul territorio locale o nazionale. Quindi si rivolge sia ai candidati alla mobilit\u00e0 europea che ai datori di lavoro.<\/p>\n<p><strong>Quali i requisiti per aderire all&#8217;EURES<\/strong><\/p>\n<p>La rete EURES \u00e8 un servizio pubblico e in quanto tale \u00e8 completamente gratuito, \u00e8 aperto a tutti quindi non occorrono particolari requisiti per aderire.<\/p>\n<p><strong>Che servizi offre la rete EURES<\/strong><\/p>\n<p>I Consulenti EURES fungono da intermediari tra i candidati e i datori di lavoro. Innanzitutto forniscono informazioni e consulenza personalizzata agli utenti nell&#8217;utilizzo del portale EURES, nella ricerca di offerte di lavoro specifiche, supportandoli nella candidatura, nella redazione del CV e lettera di presentazione in lingua, e<\/p>\n<p>Inoltre i Consulenti EURES organizzano anche veri e propri eventi di reclutamento per posti di lavoro a livello comunitario in collaborazione con gli operatori EURES di altri Paesi europei; cos\u00ec come organizzano seminari, workshop informativi sul tema della mobilit\u00e0 professionale.<\/p>\n<p>Per maggiori informazioni cliccare consultare il\u00a0<a href=\"https:\/\/amblaja.esteri.it\/ambasciata_laja\/resource\/doc\/2021\/04\/descrizione_eures_1.docx\">documento Eures allegato<\/a>.<\/p>\n<p>Si forniscono infine i\u00a0<a href=\"http:\/\/www.patronatoacli.nl\/\">contatti dell\u2019associazione ACLI in Olanda<\/a>\u00a0che si occupa di tematiche sociali legate al lavoro e dei Patronati ACLI di Utrecht e Eindhoven (ACLI Olanda\u00a0Tel. +31 302333058\u00a0Email\u00a0<a href=\"mailto:utrecht@patronato.acli.it\">utrecht@patronato.acli.it<\/a>\u00a0<a href=\"http:\/\/www.patronatoacli.nl\/\">http:\/\/www.patronatoacli.nl\/<\/a>)<\/p>\n<p>&nbsp;<\/p>\n<p>Utili suggerimenti per la ricerca di lavoro in Olanda fornite da EURES &#8211; PAESI BASSI:<\/p>\n<p><a href=\"https:\/\/amblaja.esteri.it\/ambasciata_laja\/resource\/doc\/2021\/04\/brochure_nieuw_in_nederland_eu_italiaans_v2.pdf\">Brochure_Nieuw in Nederland<\/a><\/p>\n<p><a href=\"https:\/\/amblaja.esteri.it\/ambasciata_laja\/resource\/doc\/2021\/04\/presentation_working_and_living_in_the_netherlands_march_2021.pdf\">Presentation Working &amp; Living in The Netherlands<\/a><\/p>\n<p><a href=\"https:\/\/amblaja.esteri.it\/ambasciata_laja\/resource\/doc\/2021\/04\/handout_living__working_in_nl_en_-_nov._2020.pdf\">Handout Living &amp; Working in The Netherlands<\/a><\/p>\n","protected":false},"excerpt":{"rendered":"Sono operanti nei Paesi Bassi numerose aziende di selezione del personale che pubblicizzano, anche in lingua inglese, opportunita\u2019 di lavoro nel settore privato, per cui non e\u2019 sempre necessaria la conoscenza della lingua neerlandese. Segue un elenco solo indicativo e non esaustivo di alcuni siti web ove si possono consultare direttamente le opportunita\u2019 di lavoro: [&hellip;]","protected":false},"author":5,"featured_media":0,"parent":95,"menu_order":0,"comment_status":"closed","ping_status":"closed","template":"","meta":{"footnotes":""},"class_list":["post-517","page","type-page","status-publish","hentry"],"_links":{"self":[{"href":"https:\/\/amblaja.esteri.it\/it\/wp-json\/wp\/v2\/pages\/517","targetHints":{"allow":["GET"]}}],"collection":[{"href":"https:\/\/amblaja.esteri.it\/it\/wp-json\/wp\/v2\/pages"}],"about":[{"href":"https:\/\/amblaja.esteri.it\/it\/wp-json\/wp\/v2\/types\/page"}],"author":[{"embeddable":true,"href":"https:\/\/amblaja.esteri.it\/it\/wp-json\/wp\/v2\/users\/5"}],"replies":[{"embeddable":true,"href":"https:\/\/amblaja.esteri.it\/it\/wp-json\/wp\/v2\/comments?post=517"}],"version-history":[{"count":2,"href":"https:\/\/amblaja.esteri.it\/it\/wp-json\/wp\/v2\/pages\/517\/revisions"}],"predecessor-version":[{"id":1866,"href":"https:\/\/amblaja.esteri.it\/it\/wp-json\/wp\/v2\/pages\/517\/revisions\/1866"}],"up":[{"embeddable":true,"href":"https:\/\/amblaja.esteri.it\/it\/wp-json\/wp\/v2\/pages\/95"}],"wp:attachment":[{"href":"https:\/\/amblaja.esteri.it\/it\/wp-json\/wp\/v2\/media?parent=517"}],"curies":[{"name":"wp","href":"https:\/\/api.w.org\/{rel}","templated":true}]}}