{"id":551,"date":"2023-09-06T11:42:13","date_gmt":"2023-09-06T09:42:13","guid":{"rendered":"https:\/\/amblaja.esteri.it\/?page_id=551"},"modified":"2023-11-03T11:05:13","modified_gmt":"2023-11-03T09:05:13","slug":"guida-alla-dichiarazione-di-accompagnamento-per-minori-di-14-anni","status":"publish","type":"page","link":"https:\/\/amblaja.esteri.it\/it\/servizi-consolari-e-visti\/servizi-per-il-cittadino-italiano\/passaporti-e-carte-didentita\/passaporti\/guida-alla-dichiarazione-di-accompagnamento-per-minori-di-14-anni\/","title":{"rendered":"Guida alla dichiarazione di accompagnamento per minori di 14 anni"},"content":{"rendered":"<p><strong>Documenti Necessari<\/strong>:<\/p>\n<ol>\n<li><strong>Dichiarazione di Accompagnamento <\/strong>(vedi <a href=\"https:\/\/amblaja.esteri.it\/it\/servizi-consolari-e-visti\/servizi-per-il-cittadino-italiano\/altri-servizi\/modulistica\/\">Modulistica<\/a>): Compilata e firmata.<\/li>\n<li><strong>Documenti d&#8217;Identit\u00e0<\/strong>: Dei genitori o dei tutori legali.<\/li>\n<li><strong>Passaporto del Minore<\/strong>: Obbligatorio.<\/li>\n<li><strong>Documento della Persona Affidataria<\/strong>: Identit\u00e0 della persona che accudir\u00e0 il minore.<\/li>\n<\/ol>\n<ul>\n<li><em>Nota<\/em>: Se la persona \u00e8 un membro del personale di un ente o di una compagnia di trasporto, \u00e8 sufficiente indicare il nome della Compagnia aerea.<\/li>\n<\/ul>\n<p><strong>Procedure<\/strong>:<\/p>\n<h5>Se entrambi i genitori sono cittadini italiani o dell&#8217;UE:<\/h5>\n<ul>\n<li>Invia la Dichiarazione di Accompagnamento compilata e tutti i documenti richiesti via email.<\/li>\n<li>Questo Ufficio invier\u00e0 la Dichiarazione di Accompagnamento all&#8217;indirizzo fornito entro 10 giorni lavorativi dal ricevimento della richiesta completa.<\/li>\n<\/ul>\n<h5>Se almeno un genitore non \u00e8 cittadino dell&#8217;UE:<\/h5>\n<ul>\n<li>Il genitore dovr\u00e0 presentarsi personalmente presso la Cancelleria Consolare.<\/li>\n<li>\u00c8 necessario fissare un appuntamento attraverso il sistema <a href=\"https:\/\/prenotami.esteri.it\/\">PRENOT@MI<\/a>, selezionando l&#8217;opzione &#8220;passaporti&#8221; e specificando &#8220;Dichiarazione di Accompagnamento&#8221; nel riquadro &#8220;note&#8221;.<\/li>\n<\/ul>\n<p><strong>Validit\u00e0<\/strong>:<\/p>\n<ul>\n<li>La Dichiarazione di Accompagnamento \u00e8 valida per un massimo di 6 mesi, incluse le date di partenza e ritorno.<\/li>\n<li>\u00c8 valida solo per un singolo viaggio, che pu\u00f2 essere di andata e\/o ritorno.<\/li>\n<\/ul>\n","protected":false},"excerpt":{"rendered":"Documenti Necessari: Dichiarazione di Accompagnamento (vedi Modulistica): Compilata e firmata. Documenti d&#8217;Identit\u00e0: Dei genitori o dei tutori legali. Passaporto del Minore: Obbligatorio. Documento della Persona Affidataria: Identit\u00e0 della persona che accudir\u00e0 il minore. Nota: Se la persona \u00e8 un membro del personale di un ente o di una compagnia di trasporto, \u00e8 sufficiente indicare il [&hellip;]","protected":false},"author":5,"featured_media":0,"parent":540,"menu_order":8,"comment_status":"closed","ping_status":"closed","template":"","meta":{"footnotes":""},"class_list":["post-551","page","type-page","status-publish","hentry"],"_links":{"self":[{"href":"https:\/\/amblaja.esteri.it\/it\/wp-json\/wp\/v2\/pages\/551","targetHints":{"allow":["GET"]}}],"collection":[{"href":"https:\/\/amblaja.esteri.it\/it\/wp-json\/wp\/v2\/pages"}],"about":[{"href":"https:\/\/amblaja.esteri.it\/it\/wp-json\/wp\/v2\/types\/page"}],"author":[{"embeddable":true,"href":"https:\/\/amblaja.esteri.it\/it\/wp-json\/wp\/v2\/users\/5"}],"replies":[{"embeddable":true,"href":"https:\/\/amblaja.esteri.it\/it\/wp-json\/wp\/v2\/comments?post=551"}],"version-history":[{"count":6,"href":"https:\/\/amblaja.esteri.it\/it\/wp-json\/wp\/v2\/pages\/551\/revisions"}],"predecessor-version":[{"id":1583,"href":"https:\/\/amblaja.esteri.it\/it\/wp-json\/wp\/v2\/pages\/551\/revisions\/1583"}],"up":[{"embeddable":true,"href":"https:\/\/amblaja.esteri.it\/it\/wp-json\/wp\/v2\/pages\/540"}],"wp:attachment":[{"href":"https:\/\/amblaja.esteri.it\/it\/wp-json\/wp\/v2\/media?parent=551"}],"curies":[{"name":"wp","href":"https:\/\/api.w.org\/{rel}","templated":true}]}}