{"id":5684,"date":"2026-03-02T17:23:36","date_gmt":"2026-03-02T15:23:36","guid":{"rendered":"https:\/\/amblaja.esteri.it\/?page_id=5684"},"modified":"2026-03-03T18:29:58","modified_gmt":"2026-03-03T16:29:58","slug":"acquisto-della-cittadinanza-per-beneficio-di-legge-figli-minori-nati-allestero","status":"publish","type":"page","link":"https:\/\/amblaja.esteri.it\/it\/servizi-consolari-e-visti\/servizi-per-il-cittadino-straniero\/cittadinanza\/acquisto-della-cittadinanza-per-beneficio-di-legge-figli-minori-nati-allestero\/","title":{"rendered":"Acquisto della Cittadinanza per \u201cbeneficio di legge\u201d (figli minori nati all\u2019estero)"},"content":{"rendered":"<p style=\"text-align: justify;\">In due casi, previsti dal comma 1-bis dell\u2019articolo 4 della legge n. 91\/1992 e dall\u2019articolo 1, comma 1-ter del decreto-legge n. 36\/2025, i\u00a0<strong>figli minorenni nati all\u2019estero<\/strong>\u00a0da genitore cittadino che non trasmette automaticamente la cittadinanza possono acquistare la cittadinanza italiana.<\/p>\n<p style=\"text-align: justify;\">Il\u00a0<strong>minore<\/strong>\u00a0che ne beneficia\u00a0<strong>non<\/strong>\u00a0sar\u00e0\u00a0<strong>cittadino per nascita<\/strong>\u00a0o\u00a0<em>iure sanguinis<\/em>.<\/p>\n<p style=\"text-align: justify;\">In base all\u2019articolo 15 della legge n. 91\/1992, il minore non acquista la cittadinanza dal giorno della nascita, ma dal giorno successivo in cui si saranno verificate le condizioni previste dalla legge.<\/p>\n<p style=\"text-align: justify;\"><strong>CASO 1\u00a0 <\/strong>(comma 1-bis dell\u2019articolo 4 della legge n. 91\/1992) i seguenti presupposti devono essere posseduti <strong>congiuntamente<\/strong>:<\/p>\n<ul style=\"text-align: justify;\">\n<li><strong>uno dei genitori \u00e8<\/strong>\u00a0<strong>cittadino\u00a0<u>per nascita<\/u>.\u00a0<\/strong>Si escludono quindi i casi di cittadini per naturalizzazione ai sensi dell\u2019articolo 9 della legge n. 91\/1992 o \u201cper beneficio di legge\u201d ai sensi dell\u2019articolo 4 della legge n. 91\/1992 ovvero per matrimonio ai sensi dell\u2019articolo 5 della legge n. 91\/1992 o dell\u2019articolo 10 della legge n. 555\/1912 oppure per riacquisto ai sensi degli articoli 13 o 17 della legge n. 91\/1992 ovvero\u00a0<em>iuris communicatione<\/em>\u00a0(art. 14 della legge n. 91\/1992).<\/li>\n<li><strong><u>entrambi<\/u><\/strong>\u00a0i genitori (incluso il genitore straniero) o il tutore presentano una\u00a0<strong>dichiarazione di volont\u00e0 di acquisto della cittadinanza entro tre anni dalla nascita<\/strong>\u00a0(o dalla data successiva in cui \u00e8 stabilita la filiazione da cittadino italiano o in cui \u00e8 decisa l\u2019adozione da parte di cittadino italiano durante la minore et\u00e0 del figlio). In caso di riconoscimento della filiazione in tempi successivi da parte di genitori entrambi cittadini italiani per nascita, il termine di un anno decorrer\u00e0 dal primo riconoscimento (perch\u00e9 gi\u00e0 il primo riconoscimento comporta la trasmissione della cittadinanza). Se invece avviene prima il riconoscimento da parte di genitore straniero (o cittadino italiano non per nascita ma ad altro titolo), il termine di un anno sar\u00e0 computato a partire dal riconoscimento da parte del secondo genitore cittadino per nascita.<\/li>\n<\/ul>\n<p style=\"text-align: justify;\"><strong>La dichiarazione di volont\u00e0 di acquisto della cittadinanza deve essere formale e avvenire di persona, alla presenza di dipendente delegato all\u2019esercizio delle funzioni di stato civile.<\/strong>\u00a0Se i genitori non rendono la dichiarazione contestualmente, il requisito di legge si considera soddisfatto alla data in cui \u00e8 presentata la dichiarazione del secondo genitore. Se la filiazione (anche adottiva) \u00e8 stabilita nei confronti di una sola persona (o se l\u2019altro genitore \u00e8 deceduto), sar\u00e0 sufficiente la dichiarazione di un solo genitore.<\/p>\n<p style=\"text-align: justify;\">Nel caso la residenza legale del minore sia in Italia, la dichiarazione pu\u00f2 essere presentata anche successivamente al termine di un anno dalla nascita, ma la residenza deve perdurare per almeno due anni continuativi dopo la dichiarazione di volont\u00e0 di acquisto della cittadinanza presentata dai genitori.<\/p>\n<p style=\"text-align: justify;\"><strong>CASO 2<\/strong> (comma 1-ter dell\u2019articolo 1 del decreto-legge n. 36\/202<u>5<\/u>) &#8211;\u00a0<a href=\"https:\/\/www.gazzettaufficiale.it\/atto\/serie_generale\/caricaDettaglioAtto\/originario?atto.dataPubblicazioneGazzetta=2026-02-28&amp;atto.codiceRedazionale=26G00044&amp;elenco30giorni=false\">Con la Legge 28 febbraio 2026, n. 26<\/a> \u00e8 stato convertito il <a href=\"https:\/\/www.normattiva.it\/uri-res\/N2Ls?urn:nir:stato:decreto.legge:2025;200\">Decreto &#8211; Legge 31 dicembre 2025, n. 200,<\/a> recante disposizioni urgenti in materia di termini normativi (c.d. \u201c<strong>milleproroghe<\/strong>&#8220;) &#8211; In sede di conversione l&#8217;art. 1, comma 19-ter ha disposto la proroga del termine previsto all&#8217;articolo 1, comma 1-ter, del Decreto- Legge 28 marzo 2025, n. 36, concernente la presentazione della dichiarazione di volont\u00e0 ai fini del relativo beneficio di legge. Il termine, originariamente fissato al 31 maggio 2026, \u00e8 stato conseguentemente prorogato al <strong>31 maggio 2029<\/strong>.<\/p>\n<p style=\"text-align: justify;\">Si applica quando sussistono <strong>tutte\u00a0<\/strong>le condizioni seguenti:<\/p>\n<ul style=\"text-align: justify;\">\n<li>persone\u00a0<strong><u>minorenni alla data di entrata in vigore della legge di conversione<\/u><\/strong>, cio\u00e8 persone che non avevano compiuto il 18\u00b0 anno di et\u00e0 al\u00a0<strong>24 maggio 2025<\/strong>;<\/li>\n<li><strong>figli di cittadini\u00a0<u>per nascita\u00a0<\/u>che si trovano nelle condizioni previste dalle lettere a), a-bis) e b) dell\u2019articolo 3-bis della legge n. 91\/1992. <\/strong>In altri termini, i genitori devono essere riconosciuti cittadini in forza di domanda amministrativa o giudiziale presentata entro le ore 23:59 (ora di Roma) del 27 marzo 2025, ovvero di domanda presentata sulla base di appuntamento fissato dall\u2019Ufficio consolare o dal Comune entro il medesimo termine.<\/li>\n<li>la dichiarazione dei genitori o del tutore deve essere presentata all\u2019Ufficio consolare\u00a0<strong><u>entro il 31 maggio 2029<\/u><\/strong>. Se l\u2019interessato, minorenne alla data del 24 maggio 2025, diviene nel frattempo maggiorenne, la dichiarazione dovr\u00e0 essere presentata da lui personalmente entro il medesimo termine.<\/li>\n<\/ul>\n<p style=\"text-align: justify;\"><strong>La documentazione da inviare in originale all&#8217;indirizzo di questa Cancelleria Consolare dell&#8217;Ambasciata d&#8217;Italia a L&#8217;Aja &#8211; Parkstraat, 28 &#8211; 2514 JK Den Haag,\u00a0 e&#8217; la seguente:<\/strong><\/p>\n<p style=\"text-align: justify;\"><a href=\"https:\/\/amblaja.esteri.it\/wp-content\/uploads\/2026\/01\/beneficio-di-legge-CASO-1v.pdf\">DOCUMENTAZIONE CASO 1<\/a><\/p>\n<p style=\"text-align: justify;\"><a href=\"https:\/\/amblaja.esteri.it\/wp-content\/uploads\/2026\/01\/beneficio-di-legge-CASO-2-v.pdf\">DOCUMENTAZIONE CASO 2<\/a><\/p>\n<p style=\"text-align: justify;\"><strong>Le\u00a0dichiarazioni di volonta&#8217; dovranno essere rese di persona presso l\u2019Ufficio consolare il giorno dell&#8217;appuntamento che verra&#8217; fissato dall&#8217;Ufficio verificata la documentazione trasmessa.<\/strong><\/p>\n<p style=\"text-align: justify;\">Per i cittadini italiani iscritti all\u2019AIRE della circoscrizione consolare di residenza, il certificato di cittadinanza italiana per nascita del padre o madre potr\u00e0 essere sostituito da una dichiarazione sostitutiva.<\/p>\n<p style=\"text-align: justify;\">Alla cittadinanza italiana acquistata nei modi sopra indicati l\u2019interessato, una volta divenuto maggiorenne, pu\u00f2 fare rinuncia, con la sola condizione che non si produca una condizione di apolidia.<\/p>\n<p style=\"text-align: justify;\">Per ulteriori informazioni si prega di contattare l\u2019Ufficio all\u2019indirizzo mail: <a href=\"mailto:denhaag.cittadinanza@esteri.it\">denhaag.cittadinanza@esteri.it<\/a><\/p>\n","protected":false},"excerpt":{"rendered":"In due casi, previsti dal comma 1-bis dell\u2019articolo 4 della legge n. 91\/1992 e dall\u2019articolo 1, comma 1-ter del decreto-legge n. 36\/2025, i\u00a0figli minorenni nati all\u2019estero\u00a0da genitore cittadino che non trasmette automaticamente la cittadinanza possono acquistare la cittadinanza italiana. Il\u00a0minore\u00a0che ne beneficia\u00a0non\u00a0sar\u00e0\u00a0cittadino per nascita\u00a0o\u00a0iure sanguinis. In base all\u2019articolo 15 della legge n. 91\/1992, il minore [&hellip;]","protected":false},"author":12,"featured_media":0,"parent":90,"menu_order":4,"comment_status":"closed","ping_status":"closed","template":"","meta":{"footnotes":""},"class_list":["post-5684","page","type-page","status-publish","hentry"],"_links":{"self":[{"href":"https:\/\/amblaja.esteri.it\/it\/wp-json\/wp\/v2\/pages\/5684","targetHints":{"allow":["GET"]}}],"collection":[{"href":"https:\/\/amblaja.esteri.it\/it\/wp-json\/wp\/v2\/pages"}],"about":[{"href":"https:\/\/amblaja.esteri.it\/it\/wp-json\/wp\/v2\/types\/page"}],"author":[{"embeddable":true,"href":"https:\/\/amblaja.esteri.it\/it\/wp-json\/wp\/v2\/users\/12"}],"replies":[{"embeddable":true,"href":"https:\/\/amblaja.esteri.it\/it\/wp-json\/wp\/v2\/comments?post=5684"}],"version-history":[{"count":6,"href":"https:\/\/amblaja.esteri.it\/it\/wp-json\/wp\/v2\/pages\/5684\/revisions"}],"predecessor-version":[{"id":7171,"href":"https:\/\/amblaja.esteri.it\/it\/wp-json\/wp\/v2\/pages\/5684\/revisions\/7171"}],"up":[{"embeddable":true,"href":"https:\/\/amblaja.esteri.it\/it\/wp-json\/wp\/v2\/pages\/90"}],"wp:attachment":[{"href":"https:\/\/amblaja.esteri.it\/it\/wp-json\/wp\/v2\/media?parent=5684"}],"curies":[{"name":"wp","href":"https:\/\/api.w.org\/{rel}","templated":true}]}}