{"id":5693,"date":"2025-09-01T11:26:08","date_gmt":"2025-09-01T09:26:08","guid":{"rendered":"https:\/\/amblaja.esteri.it\/?page_id=5693"},"modified":"2026-01-08T11:57:19","modified_gmt":"2026-01-08T09:57:19","slug":"cittadinanza-e-adozione","status":"publish","type":"page","link":"https:\/\/amblaja.esteri.it\/it\/servizi-consolari-e-visti\/servizi-per-il-cittadino-straniero\/cittadinanza\/cittadinanza-e-adozione\/","title":{"rendered":"Cittadinanza e Adozione"},"content":{"rendered":"<p>Il decreto-legge 28 marzo 2025, n. 36, \u00e8 stato convertito con modificazioni nella\u00a0<strong>legge<\/strong>\u00a0<strong>23 maggio 2025, n. 74<\/strong>.\u00a0La legge di conversione riforma la\u00a0<strong>legge 5 febbraio 1992, n. 91<\/strong>, il cui nuovo testo integrale \u00e8 disponibile al seguente\u00a0<a href=\"https:\/\/www.normattiva.it\/uri-res\/N2Ls?urn:nir:stato:legge:1992-02-05;91!vig\">link<\/a><\/p>\n<p>In base alla nuova legge n.91 del 1992 \u00e8 riconosciuto cittadino italiano <em>iure sanguinis<\/em>\u00a0(dalla nascita):<\/p>\n<ul>\n<li>\u00a0il richiedente <strong>nato in Italia<\/strong> in qualsiasi data;<\/li>\n<li>il richiedente che ha esclusivamente la cittadinanza italiana<strong>, ossia che<\/strong>\u00a0<strong>non ha n\u00e9 pu\u00f2 avere nessun\u2019altra cittadinanza;<\/strong><\/li>\n<li>il richiedente che rientra in\u00a0<strong>uno dei casi<\/strong>\u00a0elencati nelle\u00a0<strong>lettere a), a-bis), b), c) e d) dell\u2019articolo 3-bis<\/strong><\/li>\n<\/ul>\n<p>Gli interessati dovranno presentare la<strong> seguente documentazio<\/strong><strong>ne <\/strong>prevista dalla Circolare K.28.1 dell\u20198 aprile 1991 del Ministero dell\u2019Interno, ovvero:<\/p>\n<ol>\n<li>Estratto dell\u2019atto di nascita dell\u2019avo italiano emigrato all\u2019estero rilasciato dal Comune italiano di nascita;<\/li>\n<li>Atti di nascita dei discendenti dell&#8217;avo in linea retta, compreso quello dell&#8217;interessato;<\/li>\n<li>Atto di matrimonio dell\u2019avo italiano emigrato all\u2019estero;<\/li>\n<li>Atti di matrimonio dei discendenti dell&#8217;avo, in linea retta, compreso quello dei genitori della persona rivendicante il possesso della cittadinanza italiana;<\/li>\n<li>Certificato rilasciato dalle competenti Autorit\u00e0 dello Stato estero di emigrazione, attestante che l\u2019avo italiano a suo tempo emigrato dall\u2019Italia non acquist\u00f2 la cittadinanza dello Stato estero di emigrazione anteriormente alla nascita dell\u2019ascendente dell\u2019interessato;<\/li>\n<li>Certificato rilasciato dalla competente Autorit\u00e0 consolare italiana attestante che n\u00e9 gli ascendenti in linea diretta n\u00e9 la persona rivendicante il possesso della cittadinanza italiana vi abbiano mai rinunciato ai termini dell\u2019art. 7 della legge 13 giugno 1912, n. 555;<\/li>\n<li>Certificato di residenza dell&#8217;interessato nella circoscrizione consolare.<\/li>\n<\/ol>\n<p>T<strong>utti i documenti se formati all&#8217;estero dovranno essere debitamente legalizzati (Apostille)\u00a0 e muniti di traduzione italiana legalizzata<\/strong>.<\/p>\n<p>Per l\u2019applicazione della <strong>nuova normativa<\/strong>, si dovranno <u>inoltre<\/u> produrre:<\/p>\n<ul>\n<li>Per dimostrare l\u2019esclusivo possesso della cittadinanza italiana (a titolo esemplificativo):\n<ul>\n<li>Certificati negativi di cittadinanza;<\/li>\n<li>Attestazioni di rinuncia alla cittadinanza;<\/li>\n<li>Certificati di non iscrizione alle liste elettorali;<\/li>\n<\/ul>\n<\/li>\n<li>Per dimostrare l\u2019avvenuta residenza in Italia per almeno due anni continuativi;\n<ul>\n<li>Certificato storico di residenza.<\/li>\n<\/ul>\n<\/li>\n<\/ul>\n<p>Ottenuta la documentazione sopra indicata sar\u00e0 possibile presentare la domanda di riconoscimento e fissare l&#8217;appuntamento utilizzando il portale <a href=\"https:\/\/prenotami.esteri.it\/\">Prenot@mi<\/a><\/p>\n<p>L\u2019istanza \u00e8 soggetta al pagamento di una tariffa consolare di<strong>\u00a0\u20ac 600,00<\/strong>\u00a0non rimborsabili, indipendentemente dall\u2019esito della pratica (art. 5-bis, comma 1 del D.L. 24 aprile 2014, n. 66 convertito in L. 23 giugno 2014, n. 89).<\/p>\n<p>Si precisa che:<\/p>\n<p><strong>1) Solo le domande presentate prima del 27 marzo 2025 alle ore 23.59 ora italiana, corredate della necessaria documentazione, seguono la\u00a0normativa precedente<\/strong><\/p>\n<p>Per domande\u00a0<em>\u201cpresentate\u201d<\/em>\u00a0si intende:<\/p>\n<ul>\n<li>Consegnate allo sportello dell\u2019Ufficio consolare prima della data ed ora sopra indicate;<\/li>\n<li>Spedite per posta con tracciamento di data ed ora antecedenti al termine sopra indicato;<\/li>\n<li>Spedite per posta senza tracciamento di data ed ora, ma ricevute dell\u2019Ufficio consolare prima del termine sopra indicato;<\/li>\n<li>Ricevute su Fast-It prima del termine sopra indicato.<\/li>\n<\/ul>\n<p><strong>2) Solo le domande, corredate della necessaria documentazione, presentate all\u2019Ufficio consolare nel giorno indicato da appuntamento fissato e comunicato all\u2019interessato dall\u2019ufficio competente entro le 23:59, ora di Roma del 27 marzo 2025 seguono la\u00a0normativa precedente<\/strong><\/p>\n<p>Per\u00a0<em>\u201cappuntamento comunicato all\u2019interessato dall\u2019Ufficio competente\u201d<\/em>\u00a0si intende la conferma a mezzo posta elettronica ricevuta dall\u2019interessato dal portale Prenot@mi o dall\u2019indirizzo e-mail istituzionale della Sezione dell\u2019Ufficio consolare competente per l\u2019istanza.<\/p>\n<p>&nbsp;<\/p>\n","protected":false},"excerpt":{"rendered":"Il decreto-legge 28 marzo 2025, n. 36, \u00e8 stato convertito con modificazioni nella\u00a0legge\u00a023 maggio 2025, n. 74.\u00a0La legge di conversione riforma la\u00a0legge 5 febbraio 1992, n. 91, il cui nuovo testo integrale \u00e8 disponibile al seguente\u00a0link In base alla nuova legge n.91 del 1992 \u00e8 riconosciuto cittadino italiano iure sanguinis\u00a0(dalla nascita): \u00a0il richiedente nato in [&hellip;]","protected":false},"author":12,"featured_media":0,"parent":90,"menu_order":3,"comment_status":"closed","ping_status":"closed","template":"","meta":{"footnotes":""},"class_list":["post-5693","page","type-page","status-publish","hentry"],"_links":{"self":[{"href":"https:\/\/amblaja.esteri.it\/it\/wp-json\/wp\/v2\/pages\/5693","targetHints":{"allow":["GET"]}}],"collection":[{"href":"https:\/\/amblaja.esteri.it\/it\/wp-json\/wp\/v2\/pages"}],"about":[{"href":"https:\/\/amblaja.esteri.it\/it\/wp-json\/wp\/v2\/types\/page"}],"author":[{"embeddable":true,"href":"https:\/\/amblaja.esteri.it\/it\/wp-json\/wp\/v2\/users\/12"}],"replies":[{"embeddable":true,"href":"https:\/\/amblaja.esteri.it\/it\/wp-json\/wp\/v2\/comments?post=5693"}],"version-history":[{"count":6,"href":"https:\/\/amblaja.esteri.it\/it\/wp-json\/wp\/v2\/pages\/5693\/revisions"}],"predecessor-version":[{"id":6528,"href":"https:\/\/amblaja.esteri.it\/it\/wp-json\/wp\/v2\/pages\/5693\/revisions\/6528"}],"up":[{"embeddable":true,"href":"https:\/\/amblaja.esteri.it\/it\/wp-json\/wp\/v2\/pages\/90"}],"wp:attachment":[{"href":"https:\/\/amblaja.esteri.it\/it\/wp-json\/wp\/v2\/media?parent=5693"}],"curies":[{"name":"wp","href":"https:\/\/api.w.org\/{rel}","templated":true}]}}