{"id":1520,"date":"2023-11-02T13:33:37","date_gmt":"2023-11-02T11:33:37","guid":{"rendered":"https:\/\/amblaja.esteri.it\/?page_id=1520"},"modified":"2023-11-02T13:34:12","modified_gmt":"2023-11-02T11:34:12","slug":"gemengde-kamer-van-koophandel","status":"publish","type":"page","link":"https:\/\/amblaja.esteri.it\/nl\/servizi-consolari-e-visti\/servizi-per-il-cittadino-straniero\/cittadinanza\/656-2\/gemengde-kamer-van-koophandel\/","title":{"rendered":"Gemengde Kamer van Koophandel"},"content":{"rendered":"<p><strong>Snelle toegang<\/strong><\/p>\n<ul>\n<li><a href=\"http:\/\/www.italianchamber.nl\/\"><u>Italiaanse Kamer van Koophandel voor Nederland<\/u><\/a><\/li>\n<li><a title=\"Vai al sito web di Unioncamere\" href=\"http:\/\/www.unioncamere.gov.it\/\">Unioncamere<\/a><\/li>\n<li><a title=\"Vai al sito web di Assocamerestero\" href=\"http:\/\/www.assocamerestero.it\/Sito\/\">Assocamerestero<\/a><\/li>\n<\/ul>\n<hr \/>\n<p><a href=\"http:\/\/www.italianchamber.nl\/\"><u>Italiaanse Kamer van Koophandel voor Nederland<\/u><\/a><\/p>\n<p>De Italiaanse Kamer van Koophandel voor Nederland (CCIO) is een vereniging zonder winstoogmerk naar Nederlands recht, opgericht in juni 1991 en in mei 1994 erkend door de Italiaanse regering. Het doel van de CCIO is het bevorderen en ontwikkelen van de samenwerking en de industri\u00eble, financi\u00eble en handelsbetrekkingen tussen Itali\u00eb en Nederland.<\/p>\n<p>De CCIO is lid van <strong><a href=\"http:\/\/www.assocamerestero.it\/Sito\/\"><u>Assocamerestero<\/u><\/a>,<\/strong> de vereniging van Italiaanse Kamers van Koophandel in het buitenland (CCIE), die in samenwerking met <strong><u>Unioncamere<\/u><\/strong> de activiteiten van de Kamers versterkt en onder de aandacht brengt bij Italiaanse en internationale instellingen en ondernemersorganisaties.<\/p>\n<p>Het netwerk verbindt de 84 buitenlandse Kamers verspreid over 61 landen op alle continenten, met ongeveer 20.000 leden in totaal.<\/p>\n<p>De Kamer werkt, onder co\u00f6rdinatie van de Ambassade, samen met andere Italiaanse instellingen in Nederland om synergie\u00ebn te ontwikkelen ter ondersteuning van &#8216;Made in Italy&#8217;.<\/p>\n<p>Sinds 2017 vertegenwoordigt de Kamer ook het Italiaanse Bureau voor Toerisme, ENIT, dat als missie heeft de bestemming Itali\u00eb te promoten met OOH (Out of Home)-acties, branded content in zowel gedrukte als digitale tijdschriften en deelname aan beurzen.<\/p>\n<hr \/>\n<p>Voorzitter: Roberto Payer<\/p>\n<p>Algemeen Secretaris: Nicoletta Brondi<\/p>\n<p>Italiaanse Kamer van Koophandel voor Nederland<\/p>\n<p>De Ruyterkade, 5<\/p>\n<p>1013 AA Amsterdam<\/p>\n<p>tel. +31 (0)20 7513363<\/p>\n<p>E-mail: <a href=\"mailto:info@italianchamber.nl\">info@italianchamber.nl<\/a><\/p>\n","protected":false},"excerpt":{"rendered":"Snelle toegang Italiaanse Kamer van Koophandel voor Nederland Unioncamere Assocamerestero Italiaanse Kamer van Koophandel voor Nederland De Italiaanse Kamer van Koophandel voor Nederland (CCIO) is een vereniging zonder winstoogmerk naar Nederlands recht, opgericht in juni 1991 en in mei 1994 erkend door de Italiaanse regering. Het doel van de CCIO is het bevorderen en ontwikkelen [&hellip;]","protected":false},"author":5,"featured_media":0,"parent":656,"menu_order":0,"comment_status":"closed","ping_status":"closed","template":"","meta":{"footnotes":""},"class_list":["post-1520","page","type-page","status-publish","hentry"],"_links":{"self":[{"href":"https:\/\/amblaja.esteri.it\/nl\/wp-json\/wp\/v2\/pages\/1520","targetHints":{"allow":["GET"]}}],"collection":[{"href":"https:\/\/amblaja.esteri.it\/nl\/wp-json\/wp\/v2\/pages"}],"about":[{"href":"https:\/\/amblaja.esteri.it\/nl\/wp-json\/wp\/v2\/types\/page"}],"author":[{"embeddable":true,"href":"https:\/\/amblaja.esteri.it\/nl\/wp-json\/wp\/v2\/users\/5"}],"replies":[{"embeddable":true,"href":"https:\/\/amblaja.esteri.it\/nl\/wp-json\/wp\/v2\/comments?post=1520"}],"version-history":[{"count":1,"href":"https:\/\/amblaja.esteri.it\/nl\/wp-json\/wp\/v2\/pages\/1520\/revisions"}],"predecessor-version":[{"id":1521,"href":"https:\/\/amblaja.esteri.it\/nl\/wp-json\/wp\/v2\/pages\/1520\/revisions\/1521"}],"up":[{"embeddable":true,"href":"https:\/\/amblaja.esteri.it\/nl\/wp-json\/wp\/v2\/pages\/656"}],"wp:attachment":[{"href":"https:\/\/amblaja.esteri.it\/nl\/wp-json\/wp\/v2\/media?parent=1520"}],"curies":[{"name":"wp","href":"https:\/\/api.w.org\/{rel}","templated":true}]}}