{"id":197,"date":"2023-04-11T18:20:09","date_gmt":"2023-04-11T16:20:09","guid":{"rendered":"https:\/\/ambasciatalaia.esteri.it\/servizi-consolari-e-visti\/servizi-per-il-cittadino-italiano\/autoveicoli-e-patenti-di-guida\/"},"modified":"2024-12-30T17:37:11","modified_gmt":"2024-12-30T15:37:11","slug":"autoveicoli-e-patenti-di-guida","status":"publish","type":"page","link":"https:\/\/amblaja.esteri.it\/nl\/servizi-consolari-e-visti\/servizi-per-il-cittadino-italiano\/autoveicoli-e-patenti-di-guida\/","title":{"rendered":"Rijbewijzen"},"content":{"rendered":"<p><strong>Accesso Rapido<\/strong>:<\/p>\n<ul>\n<li><a href=\"https:\/\/www.esteri.it\/it\/servizi-consolari-e-visti\/italiani-all-estero\/autoveicoli_e_patenti\/patenteguida\/\" target=\"_blank\" rel=\"noopener\">Informazioni generali sul sito del Ministero degli Affari Esteri e della Cooperazione Internazionale<\/a><\/li>\n<li><a href=\"http:\/\/www.aci.it\/i-servizi\/guide-utili.html\" target=\"_blank\" rel=\"noopener\">Patente, bollo, pratiche auto: le guide ACI online<\/a><\/li>\n<\/ul>\n<hr \/>\n<p><strong>La patente di guida italiana<\/strong><\/p>\n<p>Gli Uffici Consolari accreditati\u00a0<strong>in Paesi dell&#8217;Unione Europea<\/strong>\u00a0non sono pi\u00f9 abilitati al rilascio o rinnovo delle patenti di guida italiane. Tali competenze sono assegnate esclusivamente alle\u00a0<strong>Autorit\u00e0 locali<\/strong>\u00a0di ciascuno Stato membro.<\/p>\n<p>Il cittadino italiano che abbia\u00a0<strong>stabilito la propria residenza nei Paesi Bassi<\/strong>\u00a0potr\u00e0:<br \/>\n1.\u00a0<strong>convertire la patente di guida italiana in una patente olandese<\/strong>\u00a0(attenzione: la conversione \u00e8 una facolt\u00e0, non un obbligo, ma \u00e8 consigliabile per motivi pratici);<br \/>\n2.\u00a0<strong>conservare la patente italiana fino a scadenza<\/strong>\u00a0senza fare nulla (in questo caso si potrebbero verificare inconvenienti o ritardi in caso di rilascio del duplicato per smarrimento, furto o distruzione, essendo necessario richiedere notizie allo Stato che ha inizialmente rilasciato la patente).<\/p>\n<p>In ogni caso,\u00a0<strong>alla scadenza<\/strong>, i cittadini italiani residenti nei Paesi Bassi\u00a0<strong>devono chiedere il rilascio della nuova patente rivolgendosi esclusivamente alle Autorit\u00e0 locali<\/strong>\u00a0(v. Circolare del Ministero delle Infrastrutture e Trasporti n. 30 del 21 maggio 1999). \u00c8 a tal fine necessario rivolgersi al Comune olandese di residenza (Gemeente).<\/p>\n<hr \/>\n<p><strong>Patenti scadute o smarrite\/rubate<\/strong><\/p>\n<p>Nel caso che la patente italiana sia\u00a0<strong>scaduta<\/strong>, oppure a causa di\u00a0<strong>smarrimento\/furto<\/strong>\u00a0della stessa ancora in corso di validit\u00e0, il rilascio di una nuova patente nel territorio dell&#8217;Unione Europa\u00a0<strong>\u00e8 competenza esclusiva delle Autorit\u00e0 locali<\/strong>.\u00a0In base alla direttiva europea 91\/439 del 1991, il Comune olandese potrebbe richiedere agli interessati un attestato di &#8220;possesso di patente&#8221; rilasciato dalle Autorit\u00e0 competenti dello stato membro che ha rilasciato la patente iniziale.<\/p>\n<p>Si consiglia di verificare preventivamente con il proprio Comune olandese di residenza la precisa documentazione richiesta.<\/p>\n<p>Tale attestato tuttavia non pu\u00f2 essere rilasciato dalle Rappresentanze diplomatico-consolari, in quanto competenti in tal senso sono esclusivamente l&#8217;Autorit\u00e0 centrale italiana o gli Uffici della Motorizzazione Civile.\u00a0Pertanto, nel caso in cui il Comune Olandese richieda l\u2019attestato di &#8220;possesso di patente&#8221;, l\u2019interessato dovr\u00e0 presentare, direttamente o per il tramite di un proprio delegato, apposita istanza presso gli Uffici della Motorizzazione Civile italiana, corredata della documentazione attestante il versamento dell&#8217;imposta di bollo e dei diritti previsti da disposizioni di legge.<\/p>\n<p>Poich\u00e8 tale attivit\u00e0 di certificazione non \u00e8 legata n\u00e9 al luogo di residenza del richiedente, n\u00e9 all&#8217;Ufficio della Motorizzazione Civile che ha rilasciato la patente, l&#8217;utente potr\u00e0 rivolgersi\u00a0<strong>indifferentemente a qualsiasi Ufficio della Motorizzazione sul territorio nazionale.<\/strong><\/p>\n<hr \/>\n<p>Il cittadino italiano che si reca per brevi periodi in uno stato membro della UE pu\u00f2 circolare utilizzando la patente di guida italiana in quanto, in base alla Direttiva comunitaria n. 91\/439\/CEE del 29 luglio 1991, gli Stati membri riconoscono le patenti di guida rilasciate dalle rispettive Autorit\u00e0.<\/p>\n","protected":false},"excerpt":{"rendered":"Accesso Rapido: Informazioni generali sul sito del Ministero degli Affari Esteri e della Cooperazione Internazionale Patente, bollo, pratiche auto: le guide ACI online La patente di guida italiana Gli Uffici Consolari accreditati\u00a0in Paesi dell&#8217;Unione Europea\u00a0non sono pi\u00f9 abilitati al rilascio o rinnovo delle patenti di guida italiane. Tali competenze sono assegnate esclusivamente alle\u00a0Autorit\u00e0 locali\u00a0di ciascuno [&hellip;]","protected":false},"author":1,"featured_media":0,"parent":188,"menu_order":16,"comment_status":"closed","ping_status":"closed","template":"","meta":{"footnotes":""},"class_list":["post-197","page","type-page","status-publish","hentry"],"_links":{"self":[{"href":"https:\/\/amblaja.esteri.it\/nl\/wp-json\/wp\/v2\/pages\/197","targetHints":{"allow":["GET"]}}],"collection":[{"href":"https:\/\/amblaja.esteri.it\/nl\/wp-json\/wp\/v2\/pages"}],"about":[{"href":"https:\/\/amblaja.esteri.it\/nl\/wp-json\/wp\/v2\/types\/page"}],"author":[{"embeddable":true,"href":"https:\/\/amblaja.esteri.it\/nl\/wp-json\/wp\/v2\/users\/1"}],"replies":[{"embeddable":true,"href":"https:\/\/amblaja.esteri.it\/nl\/wp-json\/wp\/v2\/comments?post=197"}],"version-history":[{"count":5,"href":"https:\/\/amblaja.esteri.it\/nl\/wp-json\/wp\/v2\/pages\/197\/revisions"}],"predecessor-version":[{"id":4304,"href":"https:\/\/amblaja.esteri.it\/nl\/wp-json\/wp\/v2\/pages\/197\/revisions\/4304"}],"up":[{"embeddable":true,"href":"https:\/\/amblaja.esteri.it\/nl\/wp-json\/wp\/v2\/pages\/188"}],"wp:attachment":[{"href":"https:\/\/amblaja.esteri.it\/nl\/wp-json\/wp\/v2\/media?parent=197"}],"curies":[{"name":"wp","href":"https:\/\/api.w.org\/{rel}","templated":true}]}}