{"id":201,"date":"2023-04-11T18:22:07","date_gmt":"2023-04-11T16:22:07","guid":{"rendered":"https:\/\/ambasciatalaia.esteri.it\/servizi-consolari-e-visti\/servizi-per-il-cittadino-straniero\/visti\/"},"modified":"2025-07-29T16:59:59","modified_gmt":"2025-07-29T14:59:59","slug":"visti","status":"publish","type":"page","link":"https:\/\/amblaja.esteri.it\/nl\/servizi-consolari-e-visti\/servizi-per-il-cittadino-straniero\/visti\/","title":{"rendered":"Visa"},"content":{"rendered":"<p><strong>Per verificare che sia necessario un Visto per entrare in Italia e quali documenti sono richiesti per la domanda di Visto accedere al seguente link<\/strong>: <strong><a href=\"https:\/\/vistoperitalia.esteri.it\/\">https:\/\/vistoperitalia.esteri.it\/<\/a><\/strong><\/p>\n<p><strong>To check if you need a Visa to enter Italy and what documents are required to apply for the Visa please visit the following webpage<\/strong><em>:<\/em> <a href=\"https:\/\/vistoperitalia.esteri.it\/\"><strong>https:\/\/vistoperitalia.esteri.it\/<\/strong><\/a><\/p>\n<p>Si prega di <strong>prenotare l&#8217;appuntamento con largo anticipo<\/strong>. Il <strong>periodo <\/strong>tra la prenotazione e la partenza deve essere <strong>non superiore a 6 mesi e non inferiore a 15 giorni<\/strong>. Assicurarsi, al momento della prenotazione, di <strong>essere in grado di fornire tutta la documentazione e i requisiti validi per le date di viaggio <\/strong>previste.<\/p>\n<p>Please <strong>book your appointment well in advance<\/strong>. The <strong>timeline <\/strong>between the appointment itself must be <strong>no more than 6 months <\/strong>and <strong>no less than 15 days <\/strong>before departure. Please <strong>ensure <\/strong>when booking an appointment, <strong>that you are able to provide all the documentation and requirements valid for the intended dates of travel<\/strong>.<\/p>\n<p>&nbsp;<\/p>\n<p><strong>Formulari richiesta visto \/ Application forms:<\/strong><\/p>\n<ol>\n<li><strong>VISTO C &#8211; BREVE SOGGIORNO (MAX 90 giorni) \/ VISA C &#8211; SHORT STAY (MAX 90 DAYS)<br \/>\n<\/strong><a href=\"https:\/\/amblaja.esteri.it\/wp-content\/uploads\/2024\/06\/nuovo-modello-visto-C-ITA-e-NL.pdf\">Modulo Visto C \u2013 breve soggiorno<\/a><br \/>\n<a href=\"https:\/\/amblaja.esteri.it\/wp-content\/uploads\/2024\/06\/nuovo-modello-visto-C-ITA-e-NL.pdf\">Hyperlink to Form C &#8211; short stay<\/a><\/li>\n<li><strong>VISTO D &#8211; LUNGO SOGGIORNO (90-365 GIORNI) \/ VISA D &#8211; LONG STAY (90-365 DAYS)<\/strong><br \/>\n<a href=\"https:\/\/amblaja.esteri.it\/wp-content\/uploads\/2023\/09\/visto_nazionale_d.pdf\">Modulo Visto D \u2013 lungo soggiorno<\/a><br \/>\n<a href=\"https:\/\/amblaja.esteri.it\/wp-content\/uploads\/2023\/09\/visto_nazionale_d.pdf\">Hyperlink to Form D &#8211; long stay<\/a><\/li>\n<li><strong>VISTO REINGRESSO \u2013 RETURN VISA (SOLO PER CITTADINI RESIDENTI LEGALMENTE IN ITALIA CHE HANNO PERSO IL PERMESSO DI SOGGIORNO O \u00c8 SCADUTO) \/ RETURN VISA (ONLY FOR CITIZENS LEGALLY LIVING IN ITALY WHO LOST THEIR RESIDENCE PERMIT OR IT&#8217;S EXPIRED)<br \/>\n<\/strong><a href=\"https:\/\/amblaja.esteri.it\/wp-content\/uploads\/2024\/06\/DENUNCIA-SMARRIMENTO-O-FURTO-PERMESSO-DI-SOGGIORNO-PER-VISTO-DI-REINGRESSO.pdf\">Denuncia smarrimento o furto permesso di soggiorno per visto di reingresso<\/a><br \/>\n<a href=\"https:\/\/amblaja.esteri.it\/wp-content\/uploads\/2024\/06\/DENUNCIA-SMARRIMENTO-O-FURTO-PERMESSO-DI-SOGGIORNO-PER-VISTO-DI-REINGRESSO.pdf\">Hyperlink to Report loss or theft of residence permit for return visa<\/a><\/li>\n<\/ol>\n<p><em>\u00a0<\/em><\/p>\n<p><a href=\"https:\/\/amblaja.esteri.it\/wp-content\/uploads\/2023\/09\/informativa_visti_all.1-_italiano.docx\"><u><strong>Informativa sulla protezione e la riservatezza dei dati degli Utenti<\/strong><\/u> <\/a><strong>\/ <a href=\"https:\/\/amblaja.esteri.it\/wp-content\/uploads\/2023\/09\/informativa_visti_all.1-_inglese.docx\"><u>Information<\/u><\/a> <a href=\"https:\/\/amblaja.esteri.it\/wp-content\/uploads\/2023\/09\/informativa_visti_all.1-_inglese.docx\"><u>on the protection and confidentiality of Users\u2019 data<\/u><\/a><\/strong><\/p>\n<p>&nbsp;<\/p>\n<p>Qualora si fosse gi\u00e0 in possesso di tutti i documenti necessari per richiedere il Visto di entrata in Italia, si prega di <strong>inviare un&#8217;email all&#8217;indirizzo <\/strong><a href=\"mailto:denhaag.pass1@esteri.it\">denhaag.pass1@esteri.it<\/a> <strong>e di allegare tutti i documenti necessari per la domanda di visto<\/strong>. L\u2019appuntamento verr\u00e0 comunicato allo stesso indirizzo email fornito.<\/p>\n<p>If you already have all required documents to apply for an entry visa to Italy, please <strong>send an email to <\/strong><a href=\"mailto:denhaag.pass1@esteri.it\">denhaag.pass1@esteri.it <\/a><strong>with an attached copy of all necessary documents for the visa application<\/strong>. An appointment for the visa application will be communicated to the email address provided.<\/p>\n<p>&nbsp;<\/p>\n<p><strong>Nota bene \/ Please observe<\/strong><strong>\u00a0<\/strong><\/p>\n<ol>\n<li><em>Non verr\u00e0 dato seguito alle richieste d\u2019informazioni gi\u00e0 contenute nella presente pagina, sito web o precedenti<br \/>\n<\/em><em><br \/>\nWe will not respond to emails regarding information already provided on this page, website, or previous messages.<\/em><\/li>\n<\/ol>\n<ol start=\"2\">\n<li><em>Il costo del visto \u00e8 variabile e pu\u00f2 essere pagato in Cancelleria Consolare sia in contanti che con carta di In quest&#8217;ultimo caso, si dovr\u00e0 pagare, oltre all&#8217;importo del visto, anche euro 0.06 per la transazione elettronica.<br \/>\n<\/em><em><br \/>\nThe cost of the visa is variable and can be paid in the Consular Registry both in cash and by debit card. In the latter case, an additional Euro 0.06 will be charged for the electronic transaction.<\/em><\/li>\n<\/ol>\n","protected":false},"excerpt":{"rendered":"Per verificare che sia necessario un Visto per entrare in Italia e quali documenti sono richiesti per la domanda di Visto accedere al seguente link: https:\/\/vistoperitalia.esteri.it\/ To check if you need a Visa to enter Italy and what documents are required to apply for the Visa please visit the following webpage: https:\/\/vistoperitalia.esteri.it\/ Si prega di [&hellip;]","protected":false},"author":1,"featured_media":0,"parent":200,"menu_order":0,"comment_status":"closed","ping_status":"closed","template":"","meta":{"footnotes":""},"class_list":["post-201","page","type-page","status-publish","hentry"],"_links":{"self":[{"href":"https:\/\/amblaja.esteri.it\/nl\/wp-json\/wp\/v2\/pages\/201","targetHints":{"allow":["GET"]}}],"collection":[{"href":"https:\/\/amblaja.esteri.it\/nl\/wp-json\/wp\/v2\/pages"}],"about":[{"href":"https:\/\/amblaja.esteri.it\/nl\/wp-json\/wp\/v2\/types\/page"}],"author":[{"embeddable":true,"href":"https:\/\/amblaja.esteri.it\/nl\/wp-json\/wp\/v2\/users\/1"}],"replies":[{"embeddable":true,"href":"https:\/\/amblaja.esteri.it\/nl\/wp-json\/wp\/v2\/comments?post=201"}],"version-history":[{"count":7,"href":"https:\/\/amblaja.esteri.it\/nl\/wp-json\/wp\/v2\/pages\/201\/revisions"}],"predecessor-version":[{"id":5652,"href":"https:\/\/amblaja.esteri.it\/nl\/wp-json\/wp\/v2\/pages\/201\/revisions\/5652"}],"up":[{"embeddable":true,"href":"https:\/\/amblaja.esteri.it\/nl\/wp-json\/wp\/v2\/pages\/200"}],"wp:attachment":[{"href":"https:\/\/amblaja.esteri.it\/nl\/wp-json\/wp\/v2\/media?parent=201"}],"curies":[{"name":"wp","href":"https:\/\/api.w.org\/{rel}","templated":true}]}}